{"id":1729,"date":"2023-04-07T18:48:53","date_gmt":"2023-04-07T16:48:53","guid":{"rendered":"https:\/\/www.photoclubgland.ch\/Wpress\/?page_id=1729"},"modified":"2023-04-07T18:48:54","modified_gmt":"2023-04-07T16:48:54","slug":"themes-2023","status":"publish","type":"page","link":"https:\/\/www.photoclubgland.ch\/Wpress\/themes-2023\/","title":{"rendered":"Th\u00e8mes 2023"},"content":{"rendered":"\nngg_shortcode_0_placeholder\n","protected":false},"excerpt":{"rendered":"","protected":false},"author":1,"featured_media":0,"parent":0,"menu_order":0,"comment_status":"closed","ping_status":"closed","template":"","meta":{"advgb_blocks_editor_width":"","advgb_blocks_columns_visual_guide":"","ngg_post_thumbnail":0,"footnotes":""},"class_list":["post-1729","page","type-page","status-publish","hentry"],"coauthors":[],"author_meta":{"author_link":"https:\/\/www.photoclubgland.ch\/Wpress\/author\/admin\/","display_name":"Henri Schaerer"},"relative_dates":{"created":"Publi\u00e9 3 ans il y a","modified":"Mis \u00e0 jour 3 ans il y a"},"absolute_dates":{"created":"Publi\u00e9 le 7 avril, 2023","modified":"Mise \u00e0 jour le 7 avril, 2023"},"absolute_dates_time":{"created":"Publi\u00e9 le 7 avril, 2023 18h48","modified":"Mise \u00e0 jour le 7 avril, 2023 18h48"},"featured_img_caption":"","featured_img":false,"series_order":"","_links":{"self":[{"href":"https:\/\/www.photoclubgland.ch\/Wpress\/wp-json\/wp\/v2\/pages\/1729","targetHints":{"allow":["GET"]}}],"collection":[{"href":"https:\/\/www.photoclubgland.ch\/Wpress\/wp-json\/wp\/v2\/pages"}],"about":[{"href":"https:\/\/www.photoclubgland.ch\/Wpress\/wp-json\/wp\/v2\/types\/page"}],"author":[{"embeddable":true,"href":"https:\/\/www.photoclubgland.ch\/Wpress\/wp-json\/wp\/v2\/users\/1"}],"replies":[{"embeddable":true,"href":"https:\/\/www.photoclubgland.ch\/Wpress\/wp-json\/wp\/v2\/comments?post=1729"}],"version-history":[{"count":2,"href":"https:\/\/www.photoclubgland.ch\/Wpress\/wp-json\/wp\/v2\/pages\/1729\/revisions"}],"predecessor-version":[{"id":1732,"href":"https:\/\/www.photoclubgland.ch\/Wpress\/wp-json\/wp\/v2\/pages\/1729\/revisions\/1732"}],"wp:attachment":[{"href":"https:\/\/www.photoclubgland.ch\/Wpress\/wp-json\/wp\/v2\/media?parent=1729"}],"curies":[{"name":"wp","href":"https:\/\/api.w.org\/{rel}","templated":true}]}}