	
	
		

	
			
			
																				
	
							
					
		{"id":2460,"date":"2023-04-22T13:09:48","date_gmt":"2023-04-22T11:09:48","guid":{"rendered":"https:\/\/www.photoclubgland.ch\/Wpress\/?page_id=2460"},"modified":"2023-04-22T13:19:59","modified_gmt":"2023-04-22T11:19:59","slug":"compteur-de-visites","status":"publish","type":"page","link":"https:\/\/www.photoclubgland.ch\/Wpress\/compteur-de-visites\/","title":{"rendered":"Compteur de visites"},"content":{"rendered":"<div id='mvcwid'style='text-align: wps_visitor_wpsvc_align; color: #000000;'><h3 class='wps_visitor_title'>Our Visitor<\/h3><div id=\"wpsvccount\"><img src='https:\/\/www.photoclubgland.ch\/Wpress\/wp-content\/plugins\/wps-visitor-counter\/styles\/image\/chevy\/0.gif' alt='0'><img src='https:\/\/www.photoclubgland.ch\/Wpress\/wp-content\/plugins\/wps-visitor-counter\/styles\/image\/chevy\/1.gif' alt='1'><img src='https:\/\/www.photoclubgland.ch\/Wpress\/wp-content\/plugins\/wps-visitor-counter\/styles\/image\/chevy\/3.gif' alt='3'><img src='https:\/\/www.photoclubgland.ch\/Wpress\/wp-content\/plugins\/wps-visitor-counter\/styles\/image\/chevy\/4.gif' alt='4'><img src='https:\/\/www.photoclubgland.ch\/Wpress\/wp-content\/plugins\/wps-visitor-counter\/styles\/image\/chevy\/6.gif' alt='6'><img src='https:\/\/www.photoclubgland.ch\/Wpress\/wp-content\/plugins\/wps-visitor-counter\/styles\/image\/chevy\/3.gif' alt='3'><\/div>\n\t<div id=\"wpsvctable\"><div id=\"wpsvcvisit\" style='text-align: wps_visitor_wpsvc_align; color: #000000;'><img src='https:\/\/www.photoclubgland.ch\/Wpress\/wp-content\/plugins\/wps-visitor-counter\/counter\/user_today.png'> Users Today : 7<\/div><div id=\"wpsvcyesterday\" style='text-align: wps_visitor_wpsvc_align; color: #000000;'><img src='https:\/\/www.photoclubgland.ch\/Wpress\/wp-content\/plugins\/wps-visitor-counter\/counter\/user_yesterday.png'> Users Yesterday : 15<\/div><div id=\"wpsvcyesterday\" style='text-align: wps_visitor_wpsvc_align; color: #000000;'><img src='https:\/\/www.photoclubgland.ch\/Wpress\/wp-content\/plugins\/wps-visitor-counter\/counter\/7days_user.png'> Users  Last 7 days : 81<\/div><div id=\"wpsvcyesterday\" style='text-align: wps_visitor_wpsvc_align; color: #000000;'><img src='https:\/\/www.photoclubgland.ch\/Wpress\/wp-content\/plugins\/wps-visitor-counter\/counter\/30days_user.png'> Users Last 30 days : 412<\/div><div id=\"wpsvcmonth\" style='text-align: wps_visitor_wpsvc_align; color: #000000;'><img src='https:\/\/www.photoclubgland.ch\/Wpress\/wp-content\/plugins\/wps-visitor-counter\/counter\/user_month.png'> Users This Month : 64<\/div><div id=\"wpsvcyear\" style='text-align: wps_visitor_wpsvc_align; color: #000000;'><img src='https:\/\/www.photoclubgland.ch\/Wpress\/wp-content\/plugins\/wps-visitor-counter\/counter\/user_year.png'> Users This Year : 3076<\/div><div id=\"wpsvctotal\" style='text-align: wps_visitor_wpsvc_align; color: #000000;'><img src='https:\/\/www.photoclubgland.ch\/Wpress\/wp-content\/plugins\/wps-visitor-counter\/counter\/user_total.png'> Total Users : 13463<\/div><div id=\"wpsvcviews\" style='text-align: wps_visitor_wpsvc_align; color: #000000;'><img src='https:\/\/www.photoclubgland.ch\/Wpress\/wp-content\/plugins\/wps-visitor-counter\/counter\/views_today.png'> Views Today : 14<\/div><div id=\"wpsvcviews\" style='text-align: wps_visitor_wpsvc_align; color: #000000;'><img src='https:\/\/www.photoclubgland.ch\/Wpress\/wp-content\/plugins\/wps-visitor-counter\/counter\/views_yesterday.png'> Views Yesterday : 26<\/div><div id=\"wpsvcyesterday\" style='text-align: wps_visitor_wpsvc_align; color: #000000;'><img src='https:\/\/www.photoclubgland.ch\/Wpress\/wp-content\/plugins\/wps-visitor-counter\/counter\/7days_views.png'> Views Last 7 days : 131<\/div><div id=\"wpsvcyesterday\" style='text-align: wps_visitor_wpsvc_align; color: #000000;'><img src='https:\/\/www.photoclubgland.ch\/Wpress\/wp-content\/plugins\/wps-visitor-counter\/counter\/30days_views.png'> Views Last 30 days : 724<\/div><div id=\"wpsvcviews\" style='text-align: wps_visitor_wpsvc_align; color: #000000;'><img src='https:\/\/www.photoclubgland.ch\/Wpress\/wp-content\/plugins\/wps-visitor-counter\/counter\/views_month.png'> Views This Month : 107<\/div><div id=\"wpsvcviews\" style='text-align: wps_visitor_wpsvc_align; color: #000000;'><img src='https:\/\/www.photoclubgland.ch\/Wpress\/wp-content\/plugins\/wps-visitor-counter\/counter\/views_year.png'> Views This Year : 7381<\/div><div id=\"wpsvctotalviews\" style='text-align: wps_visitor_wpsvc_align; color: #000000;'><img src='https:\/\/www.photoclubgland.ch\/Wpress\/wp-content\/plugins\/wps-visitor-counter\/counter\/views_total.png'> Total views : 39634<\/div><div id=\"wpsvconline\" style='text-align: wps_visitor_wpsvc_align; color: #000000;'><img src='https:\/\/www.photoclubgland.ch\/Wpress\/wp-content\/plugins\/wps-visitor-counter\/counter\/whos_online.png'> Who&#039;s Online : 0<\/div><\/div><div id=\"wpsvcip\"><img src='https:\/\/www.photoclubgland.ch\/Wpress\/wp-content\/plugins\/wps-visitor-counter\/counter\/user_year.png'> Your IP Address : 216.73.216.229<\/div><div id=\"wpsvcdate\"><img src='https:\/\/www.photoclubgland.ch\/Wpress\/wp-content\/plugins\/wps-visitor-counter\/counter\/user_year.png'> Server Time : 6 May, 2026 20h39<\/div><div id=\"wpsvcattribution\" style='text-align: wps_visitor_wpsvc_align; color: #000000;'><small>Powered By <a href=\"https:\/\/techmix.xyz\/\" rel=\"nofollow noopener\" target=\"_blank\">WPS Visitor Counter<\/a><\/small><\/div><\/div>\n","protected":false},"excerpt":{"rendered":"","protected":false},"author":1,"featured_media":0,"parent":0,"menu_order":0,"comment_status":"closed","ping_status":"closed","template":"","meta":{"advgb_blocks_editor_width":"","advgb_blocks_columns_visual_guide":"","ngg_post_thumbnail":0,"footnotes":""},"class_list":["post-2460","page","type-page","status-publish","hentry"],"coauthors":[],"author_meta":{"author_link":"https:\/\/www.photoclubgland.ch\/Wpress\/author\/admin\/","display_name":"Henri Schaerer"},"relative_dates":{"created":"Publi\u00e9 3 ans il y a","modified":"Mis \u00e0 jour 3 ans il y a"},"absolute_dates":{"created":"Publi\u00e9 le 22 avril, 2023","modified":"Mise \u00e0 jour le 22 avril, 2023"},"absolute_dates_time":{"created":"Publi\u00e9 le 22 avril, 2023 13h09","modified":"Mise \u00e0 jour le 22 avril, 2023 13h19"},"featured_img_caption":"","featured_img":false,"series_order":"","_links":{"self":[{"href":"https:\/\/www.photoclubgland.ch\/Wpress\/wp-json\/wp\/v2\/pages\/2460","targetHints":{"allow":["GET"]}}],"collection":[{"href":"https:\/\/www.photoclubgland.ch\/Wpress\/wp-json\/wp\/v2\/pages"}],"about":[{"href":"https:\/\/www.photoclubgland.ch\/Wpress\/wp-json\/wp\/v2\/types\/page"}],"author":[{"embeddable":true,"href":"https:\/\/www.photoclubgland.ch\/Wpress\/wp-json\/wp\/v2\/users\/1"}],"replies":[{"embeddable":true,"href":"https:\/\/www.photoclubgland.ch\/Wpress\/wp-json\/wp\/v2\/comments?post=2460"}],"version-history":[{"count":1,"href":"https:\/\/www.photoclubgland.ch\/Wpress\/wp-json\/wp\/v2\/pages\/2460\/revisions"}],"predecessor-version":[{"id":2461,"href":"https:\/\/www.photoclubgland.ch\/Wpress\/wp-json\/wp\/v2\/pages\/2460\/revisions\/2461"}],"wp:attachment":[{"href":"https:\/\/www.photoclubgland.ch\/Wpress\/wp-json\/wp\/v2\/media?parent=2460"}],"curies":[{"name":"wp","href":"https:\/\/api.w.org\/{rel}","templated":true}]}}