{"id":260,"date":"2023-03-24T11:04:47","date_gmt":"2023-03-24T11:04:47","guid":{"rendered":"https:\/\/www.photoclubgland.ch\/Wpress\/?page_id=260"},"modified":"2024-12-12T13:48:26","modified_gmt":"2024-12-12T11:48:26","slug":"galerie-1","status":"publish","type":"page","link":"https:\/\/www.photoclubgland.ch\/Wpress\/galerie-1\/","title":{"rendered":"Galeries"},"content":{"rendered":"\n<h2 class=\"wp-block-heading\"><\/h2>\n","protected":false},"excerpt":{"rendered":"","protected":false},"author":1,"featured_media":0,"parent":0,"menu_order":0,"comment_status":"closed","ping_status":"closed","template":"","meta":{"advgb_blocks_editor_width":"","advgb_blocks_columns_visual_guide":"","ngg_post_thumbnail":0,"footnotes":""},"class_list":["post-260","page","type-page","status-publish","hentry"],"coauthors":[],"author_meta":{"author_link":"https:\/\/www.photoclubgland.ch\/Wpress\/author\/admin\/","display_name":"Henri Schaerer"},"relative_dates":{"created":"Publi\u00e9 3 ans il y a","modified":"Mis \u00e0 jour 1 an il y a"},"absolute_dates":{"created":"Publi\u00e9 le 24 mars, 2023","modified":"Mise \u00e0 jour le 12 d\u00e9cembre, 2024"},"absolute_dates_time":{"created":"Publi\u00e9 le 24 mars, 2023 11h04","modified":"Mise \u00e0 jour le 12 d\u00e9cembre, 2024 13h48"},"featured_img_caption":"","featured_img":false,"series_order":"","_links":{"self":[{"href":"https:\/\/www.photoclubgland.ch\/Wpress\/wp-json\/wp\/v2\/pages\/260","targetHints":{"allow":["GET"]}}],"collection":[{"href":"https:\/\/www.photoclubgland.ch\/Wpress\/wp-json\/wp\/v2\/pages"}],"about":[{"href":"https:\/\/www.photoclubgland.ch\/Wpress\/wp-json\/wp\/v2\/types\/page"}],"author":[{"embeddable":true,"href":"https:\/\/www.photoclubgland.ch\/Wpress\/wp-json\/wp\/v2\/users\/1"}],"replies":[{"embeddable":true,"href":"https:\/\/www.photoclubgland.ch\/Wpress\/wp-json\/wp\/v2\/comments?post=260"}],"version-history":[{"count":3,"href":"https:\/\/www.photoclubgland.ch\/Wpress\/wp-json\/wp\/v2\/pages\/260\/revisions"}],"predecessor-version":[{"id":5664,"href":"https:\/\/www.photoclubgland.ch\/Wpress\/wp-json\/wp\/v2\/pages\/260\/revisions\/5664"}],"wp:attachment":[{"href":"https:\/\/www.photoclubgland.ch\/Wpress\/wp-json\/wp\/v2\/media?parent=260"}],"curies":[{"name":"wp","href":"https:\/\/api.w.org\/{rel}","templated":true}]}}