{"id":3007,"date":"2023-09-01T18:13:52","date_gmt":"2023-09-01T16:13:52","guid":{"rendered":"https:\/\/www.photoclubgland.ch\/Wpress\/?page_id=3007"},"modified":"2023-10-12T10:11:05","modified_gmt":"2023-10-12T08:11:05","slug":"exposition-ecole-club-migros-2","status":"publish","type":"page","link":"https:\/\/www.photoclubgland.ch\/Wpress\/exposition-ecole-club-migros-2\/","title":{"rendered":"Exposition Ecole Club Migros"},"content":{"rendered":"<div class=\"wp-block-image\">\n<figure class=\"aligncenter size-large is-resized\"><img loading=\"lazy\" decoding=\"async\" src=\"https:\/\/www.photoclubgland.ch\/Wpress\/wp-content\/uploads\/2023\/10\/AFFICHE-photo-gland-724x1024.jpg\" alt=\"\" class=\"wp-image-3155\" style=\"width:719px;height:1017px\" width=\"719\" height=\"1017\" srcset=\"https:\/\/www.photoclubgland.ch\/Wpress\/wp-content\/uploads\/2023\/10\/AFFICHE-photo-gland-724x1024.jpg 724w, https:\/\/www.photoclubgland.ch\/Wpress\/wp-content\/uploads\/2023\/10\/AFFICHE-photo-gland-212x300.jpg 212w, https:\/\/www.photoclubgland.ch\/Wpress\/wp-content\/uploads\/2023\/10\/AFFICHE-photo-gland-768x1086.jpg 768w, https:\/\/www.photoclubgland.ch\/Wpress\/wp-content\/uploads\/2023\/10\/AFFICHE-photo-gland.jpg 829w\" sizes=\"auto, (max-width: 719px) 100vw, 719px\" \/><\/figure>\n<\/div>","protected":false},"excerpt":{"rendered":"","protected":false},"author":1,"featured_media":0,"parent":0,"menu_order":0,"comment_status":"closed","ping_status":"closed","template":"","meta":{"advgb_blocks_editor_width":"","advgb_blocks_columns_visual_guide":"","ngg_post_thumbnail":0,"footnotes":""},"class_list":["post-3007","page","type-page","status-publish","hentry"],"coauthors":[],"author_meta":{"author_link":"https:\/\/www.photoclubgland.ch\/Wpress\/author\/admin\/","display_name":"Henri Schaerer"},"relative_dates":{"created":"Publi\u00e9 3 ans il y a","modified":"Mis \u00e0 jour 3 ans il y a"},"absolute_dates":{"created":"Publi\u00e9 le 1 septembre, 2023","modified":"Mise \u00e0 jour le 12 octobre, 2023"},"absolute_dates_time":{"created":"Publi\u00e9 le 1 septembre, 2023 18h13","modified":"Mise \u00e0 jour le 12 octobre, 2023 10h11"},"featured_img_caption":"","featured_img":false,"series_order":"","_links":{"self":[{"href":"https:\/\/www.photoclubgland.ch\/Wpress\/wp-json\/wp\/v2\/pages\/3007","targetHints":{"allow":["GET"]}}],"collection":[{"href":"https:\/\/www.photoclubgland.ch\/Wpress\/wp-json\/wp\/v2\/pages"}],"about":[{"href":"https:\/\/www.photoclubgland.ch\/Wpress\/wp-json\/wp\/v2\/types\/page"}],"author":[{"embeddable":true,"href":"https:\/\/www.photoclubgland.ch\/Wpress\/wp-json\/wp\/v2\/users\/1"}],"replies":[{"embeddable":true,"href":"https:\/\/www.photoclubgland.ch\/Wpress\/wp-json\/wp\/v2\/comments?post=3007"}],"version-history":[{"count":4,"href":"https:\/\/www.photoclubgland.ch\/Wpress\/wp-json\/wp\/v2\/pages\/3007\/revisions"}],"predecessor-version":[{"id":3156,"href":"https:\/\/www.photoclubgland.ch\/Wpress\/wp-json\/wp\/v2\/pages\/3007\/revisions\/3156"}],"wp:attachment":[{"href":"https:\/\/www.photoclubgland.ch\/Wpress\/wp-json\/wp\/v2\/media?parent=3007"}],"curies":[{"name":"wp","href":"https:\/\/api.w.org\/{rel}","templated":true}]}}