{"id":4177,"date":"2024-02-08T17:01:45","date_gmt":"2024-02-08T15:01:45","guid":{"rendered":"https:\/\/www.photoclubgland.ch\/Wpress\/?page_id=4177"},"modified":"2024-04-07T16:25:56","modified_gmt":"2024-04-07T14:25:56","slug":"expo-2024","status":"publish","type":"page","link":"https:\/\/www.photoclubgland.ch\/Wpress\/expo-2024\/","title":{"rendered":"EXPO 2024"},"content":{"rendered":"\n<h2 class=\"wp-block-heading\">Expo2024, Meilleure S\u00e9rie<\/h2>\n\n\n\nngg_shortcode_0_placeholder\n\n\n\n<h2 class=\"wp-block-heading\">Expo 2024, Meilleure Photo<\/h2>\n\n\n\nngg_shortcode_1_placeholder\n","protected":false},"excerpt":{"rendered":"<p>Expo2024, Meilleure S\u00e9rie Expo 2024, Meilleure Photo<\/p>\n","protected":false},"author":1,"featured_media":0,"parent":0,"menu_order":0,"comment_status":"closed","ping_status":"closed","template":"","meta":{"advgb_blocks_editor_width":"","advgb_blocks_columns_visual_guide":"","ngg_post_thumbnail":0,"footnotes":""},"class_list":["post-4177","page","type-page","status-publish","hentry"],"coauthors":[],"author_meta":{"author_link":"https:\/\/www.photoclubgland.ch\/Wpress\/author\/admin\/","display_name":"Henri Schaerer"},"relative_dates":{"created":"Publi\u00e9 2 ans il y a","modified":"Mis \u00e0 jour 2 ans il y a"},"absolute_dates":{"created":"Publi\u00e9 le 8 f\u00e9vrier, 2024","modified":"Mise \u00e0 jour le 7 avril, 2024"},"absolute_dates_time":{"created":"Publi\u00e9 le 8 f\u00e9vrier, 2024 17h01","modified":"Mise \u00e0 jour le 7 avril, 2024 16h25"},"featured_img_caption":"","featured_img":false,"series_order":"","_links":{"self":[{"href":"https:\/\/www.photoclubgland.ch\/Wpress\/wp-json\/wp\/v2\/pages\/4177","targetHints":{"allow":["GET"]}}],"collection":[{"href":"https:\/\/www.photoclubgland.ch\/Wpress\/wp-json\/wp\/v2\/pages"}],"about":[{"href":"https:\/\/www.photoclubgland.ch\/Wpress\/wp-json\/wp\/v2\/types\/page"}],"author":[{"embeddable":true,"href":"https:\/\/www.photoclubgland.ch\/Wpress\/wp-json\/wp\/v2\/users\/1"}],"replies":[{"embeddable":true,"href":"https:\/\/www.photoclubgland.ch\/Wpress\/wp-json\/wp\/v2\/comments?post=4177"}],"version-history":[{"count":7,"href":"https:\/\/www.photoclubgland.ch\/Wpress\/wp-json\/wp\/v2\/pages\/4177\/revisions"}],"predecessor-version":[{"id":4678,"href":"https:\/\/www.photoclubgland.ch\/Wpress\/wp-json\/wp\/v2\/pages\/4177\/revisions\/4678"}],"wp:attachment":[{"href":"https:\/\/www.photoclubgland.ch\/Wpress\/wp-json\/wp\/v2\/media?parent=4177"}],"curies":[{"name":"wp","href":"https:\/\/api.w.org\/{rel}","templated":true}]}}