{"id":4627,"date":"2024-04-06T15:28:14","date_gmt":"2024-04-06T13:28:14","guid":{"rendered":"https:\/\/www.photoclubgland.ch\/Wpress\/?page_id=4627"},"modified":"2024-12-19T18:22:39","modified_gmt":"2024-12-19T16:22:39","slug":"programme-2024","status":"publish","type":"page","link":"https:\/\/www.photoclubgland.ch\/Wpress\/programme-2024\/","title":{"rendered":"Programme 2024"},"content":{"rendered":"<h1 style=\"text-align: center;\"><strong>PROGRAMME 2024<\/strong><\/h1>\n<h6><span style=\"color: #3366ff;\">08 janvier &#8211; Pr\u00e9sentation photos d\u00e9finitives pour l&#8217;expo 2024<br \/>\n<\/span><span style=\"color: #3366ff;\">15 janvier D\u00e9fi par skype -Bokeh<\/span><br \/>\n<span style=\"color: #3366ff;\">22 janvier &#8211; Assembl\u00e9e g\u00e9n\u00e9rale<\/span><br \/>\n<span style=\"color: #3366ff;\">&nbsp;29 janvier -D\u00e9fi par skype -Ambiances high key<\/span><br \/>\n<span style=\"color: #3366ff;\">05 f\u00e9vrier &#8211; Th\u00e8me photo Deux font la paire th\u00e8me technique : Distorsion et perspective<\/span><br \/>\n<span style=\"color: #3366ff;\">26 f\u00e9vrier D\u00e9fi par skype &#8211; Expression photographique<\/span><br \/>\n<span style=\"color: #3366ff;\">04 mars &#8211; Th\u00e8me photo&nbsp;Piraterie Th\u00e8me technique : Les d\u00e9fauts optiques<\/span><br \/>\n<span style=\"color: #3366ff;\">&nbsp;11 mars D\u00e9fi par skype<\/span><\/h6>\n<p><span style=\"color: #3366ff;\"><strong>EXPOSITION ANNUELLE DU CLUB du 16 mars au 24 mars<\/strong><\/span><\/p>\n<h6><span style=\"color: #3366ff;\">25 mars D\u00e9fi par skype<\/span><br \/>\n<span style=\"color: #3366ff;\">08 avril D\u00e9fi par Skype<\/span><br \/>\n<span style=\"color: #3366ff;\">15 avril &#8211; Th\u00e8me photo 1 x20 par Thierry Maingot, D\u00e9briefing Expo et th\u00e8me photo<\/span><br \/>\n<span style=\"color: #3366ff;\">20 avril Sortie \u00e0 Villars-les-Dombes Initiation \u00e0 la photo animali\u00e8re<\/span><br \/>\n<span style=\"color: #3366ff;\">22 avril Concours PHOTOSUISSE &#8211; Proposition de photos pour les participants &nbsp; &nbsp; &nbsp;&nbsp; <\/span><\/h6>\n<h6><span style=\"color: #3366ff;\">29 avril D\u00e9fi par Skype<\/span><span style=\"color: #999999;\"><br \/>\n<\/span><\/h6>\n<p><span style=\"color: #3366ff; font-size: 12pt;\">06 mai &#8211; Ballade Photographique \u00e0 Nyon<\/span><br \/>\n<span style=\"color: #3366ff; font-size: 12pt;\">13 mai D\u00e9fi par skype<\/span><br \/>\n<span style=\"color: #3366ff; font-size: 12pt;\">25 mai -Sortie au Festival Gospel&#8217;Air Martigny<\/span><br \/>\n<span style=\"color: #3366ff; font-size: 12pt;\">27 mai D\u00e9fi par skype<\/span><br \/>\n<span style=\"color: #3366ff; font-size: 12pt;\">03 juin &#8211; Th\u00e8me photo -Pr\u00e9sentation sortie<\/span><br \/>\n<span style=\"color: #3366ff; font-size: 12pt;\">08 juin &#8211; Rallye Romand 2024 \u00e0 Fribourg<\/span><br \/>\n<span style=\"color: #3366ff; font-size: 12pt;\">17 juin D\u00e9fi par skype<\/span><br \/>\n<span style=\"color: #3366ff; font-size: 12pt;\">24 juin &#8211; Barbecue<\/span><br \/>\n<span style=\"color: #e6e6e6; font-size: 12pt;\">&#8212;&#8212;&#8212;&#8212;<\/span><\/p>\n<p><span style=\"color: #3366ff; font-size: 12pt;\">26 ao\u00fbt &#8211; Th\u00e8me photo-&nbsp; Pr\u00e9sentation Rallye Romand<\/span><br \/>\n<span style=\"color: #dedede; font-size: 12pt;\"><span style=\"color: #3366ff;\">23 septembre &#8211; Th\u00e8me photo- Pr\u00e9sentation La marche des mannequins<\/span><br \/>\n<\/span><\/p>\n<p><span style=\"color: #3366ff;\">28 et 29 septembre concours hippique \u00e0 Bassins<\/span><\/p>\n<h6><span style=\"color: #3366ff;\">3-06 octobre&nbsp; GOLDEN FLUTE CLASSIC festival<\/span><br \/>\n<span style=\"color: #3366ff;\">28 octobre &#8211; Pr\u00e9sentation des premi\u00e8res photos pour l&#8217;expo 2025<\/span><\/h6>\n<h6><span style=\"color: #3366ff;\">11 novembre D\u00e9fi par skype<\/span><br \/>\n<span style=\"color: #3366ff;\">18 novembre &#8211; Manuel Sanchez photographe haute vitesse de gouttes d\u2019eau<\/span><\/h6>\n<h6><span style=\"color: #3366ff;\">25 novembre D\u00e9fi par skype<\/span><br \/>\n<span style=\"color: #3366ff;\">&nbsp;09 d\u00e9cembre &#8211; Critique copie cr\u00e9ative<\/span><\/h6>\n<p><span style=\"color: #3366ff;\">16 d\u00e9cembre D\u00e9fi par skype<\/span><\/p>\n","protected":false},"excerpt":{"rendered":"<p>PROGRAMME 2024 08 janvier &#8211; Pr\u00e9sentation photos d\u00e9finitives pour l&#8217;expo 2024 15 janvier D\u00e9fi par skype -Bokeh 22 janvier &#8211; Assembl\u00e9e g\u00e9n\u00e9rale &nbsp;29 janvier -D\u00e9fi par skype -Ambiances high key <a class=\"more-link\" href=\"https:\/\/www.photoclubgland.ch\/Wpress\/programme-2024\/\">Continuer la lecture<span class=\"screen-reader-text\">Programme 2024<\/span><span class=\"meta-nav\">&rarr;<\/span><\/a><\/p>\n","protected":false},"author":2,"featured_media":0,"parent":0,"menu_order":0,"comment_status":"closed","ping_status":"closed","template":"","meta":{"advgb_blocks_editor_width":"","advgb_blocks_columns_visual_guide":"","ngg_post_thumbnail":0,"footnotes":""},"class_list":["post-4627","page","type-page","status-publish","hentry"],"coauthors":[],"author_meta":{"author_link":"https:\/\/www.photoclubgland.ch\/Wpress\/author\/frederique-zesiger\/","display_name":"Fr\u00e9d\u00e9rique Zesiger"},"relative_dates":{"created":"Publi\u00e9 2 ans il y a","modified":"Mis \u00e0 jour 1 an il y a"},"absolute_dates":{"created":"Publi\u00e9 le 6 avril, 2024","modified":"Mise \u00e0 jour le 19 d\u00e9cembre, 2024"},"absolute_dates_time":{"created":"Publi\u00e9 le 6 avril, 2024 15h28","modified":"Mise \u00e0 jour le 19 d\u00e9cembre, 2024 18h22"},"featured_img_caption":"","featured_img":false,"series_order":"","_links":{"self":[{"href":"https:\/\/www.photoclubgland.ch\/Wpress\/wp-json\/wp\/v2\/pages\/4627","targetHints":{"allow":["GET"]}}],"collection":[{"href":"https:\/\/www.photoclubgland.ch\/Wpress\/wp-json\/wp\/v2\/pages"}],"about":[{"href":"https:\/\/www.photoclubgland.ch\/Wpress\/wp-json\/wp\/v2\/types\/page"}],"author":[{"embeddable":true,"href":"https:\/\/www.photoclubgland.ch\/Wpress\/wp-json\/wp\/v2\/users\/2"}],"replies":[{"embeddable":true,"href":"https:\/\/www.photoclubgland.ch\/Wpress\/wp-json\/wp\/v2\/comments?post=4627"}],"version-history":[{"count":34,"href":"https:\/\/www.photoclubgland.ch\/Wpress\/wp-json\/wp\/v2\/pages\/4627\/revisions"}],"predecessor-version":[{"id":5672,"href":"https:\/\/www.photoclubgland.ch\/Wpress\/wp-json\/wp\/v2\/pages\/4627\/revisions\/5672"}],"wp:attachment":[{"href":"https:\/\/www.photoclubgland.ch\/Wpress\/wp-json\/wp\/v2\/media?parent=4627"}],"curies":[{"name":"wp","href":"https:\/\/api.w.org\/{rel}","templated":true}]}}