{"id":4658,"date":"2024-04-07T12:29:57","date_gmt":"2024-04-07T10:29:57","guid":{"rendered":"https:\/\/www.photoclubgland.ch\/Wpress\/?page_id=4658"},"modified":"2024-04-07T12:34:55","modified_gmt":"2024-04-07T10:34:55","slug":"expo-2024-meilleure-serie-choix-public","status":"publish","type":"page","link":"https:\/\/www.photoclubgland.ch\/Wpress\/expo-2024-meilleure-serie-choix-public\/","title":{"rendered":"EXPO 2024, Meilleure s\u00e9rie, choix public"},"content":{"rendered":"ngg_shortcode_0_placeholder\n","protected":false},"excerpt":{"rendered":"","protected":false},"author":1,"featured_media":0,"parent":0,"menu_order":0,"comment_status":"closed","ping_status":"closed","template":"","meta":{"advgb_blocks_editor_width":"","advgb_blocks_columns_visual_guide":"","ngg_post_thumbnail":0,"footnotes":""},"class_list":["post-4658","page","type-page","status-publish","hentry"],"coauthors":[],"author_meta":{"author_link":"https:\/\/www.photoclubgland.ch\/Wpress\/author\/admin\/","display_name":"Henri Schaerer"},"relative_dates":{"created":"Publi\u00e9 2 ans il y a","modified":"Mis \u00e0 jour 2 ans il y a"},"absolute_dates":{"created":"Publi\u00e9 le 7 avril, 2024","modified":"Mise \u00e0 jour le 7 avril, 2024"},"absolute_dates_time":{"created":"Publi\u00e9 le 7 avril, 2024 12h29","modified":"Mise \u00e0 jour le 7 avril, 2024 12h34"},"featured_img_caption":"","featured_img":false,"series_order":"","_links":{"self":[{"href":"https:\/\/www.photoclubgland.ch\/Wpress\/wp-json\/wp\/v2\/pages\/4658","targetHints":{"allow":["GET"]}}],"collection":[{"href":"https:\/\/www.photoclubgland.ch\/Wpress\/wp-json\/wp\/v2\/pages"}],"about":[{"href":"https:\/\/www.photoclubgland.ch\/Wpress\/wp-json\/wp\/v2\/types\/page"}],"author":[{"embeddable":true,"href":"https:\/\/www.photoclubgland.ch\/Wpress\/wp-json\/wp\/v2\/users\/1"}],"replies":[{"embeddable":true,"href":"https:\/\/www.photoclubgland.ch\/Wpress\/wp-json\/wp\/v2\/comments?post=4658"}],"version-history":[{"count":3,"href":"https:\/\/www.photoclubgland.ch\/Wpress\/wp-json\/wp\/v2\/pages\/4658\/revisions"}],"predecessor-version":[{"id":4679,"href":"https:\/\/www.photoclubgland.ch\/Wpress\/wp-json\/wp\/v2\/pages\/4658\/revisions\/4679"}],"wp:attachment":[{"href":"https:\/\/www.photoclubgland.ch\/Wpress\/wp-json\/wp\/v2\/media?parent=4658"}],"curies":[{"name":"wp","href":"https:\/\/api.w.org\/{rel}","templated":true}]}}