{"id":4988,"date":"2024-07-23T12:18:14","date_gmt":"2024-07-23T10:18:14","guid":{"rendered":"https:\/\/www.photoclubgland.ch\/Wpress\/?page_id=4988"},"modified":"2024-07-23T13:35:31","modified_gmt":"2024-07-23T11:35:31","slug":"activites","status":"publish","type":"page","link":"https:\/\/www.photoclubgland.ch\/Wpress\/activites\/","title":{"rendered":"Activit\u00e9s"},"content":{"rendered":"\r\n<p><strong>Nos activit\u00e9s<\/strong><\/p>\r\n\r\n\r\n\r\n<p>Fr\u00e9quence et lieu des rencontres du club<\/p>\r\n\r\n\r\n\r\n<p>Notre club se r\u00e9unit en pr\u00e9sentiel environ 1 fois <strong>toutes les 3 \u00e0 4 semaines, sauf en juillet\/ao\u00fbt, le lundi soir de 20h<\/strong> (pr\u00e9cise car la porte est ferm\u00e9e \u00e0 cl\u00e9) \u00e0 22h.<\/p>\r\n\r\n\r\n\r\n<p>Ces rencontres se d\u00e9roulent au Coll\u00e8ge des Tuilli\u00e8res, rue des Tuilli\u00e8res, 1196 Gland.<\/p>\r\n\r\n\r\n\r\n<p>Le club est ouvert aux photographes amateurs de tout \u00e2ge et quel que soit votre niveau. Si vous envisagez de nous rejoindre, nous vous conseillons de laisser un message sur la page &#8220;<a href=\"https:\/\/www.photoclubgland.ch\/Wpress\/contact\/\" target=\"_blank\" rel=\"noreferrer noopener\">Contact<\/a>&#8221; et de consulter la page &#8220;<a href=\"https:\/\/www.photoclubgland.ch\/Wpress\/programme-2024\/\">Membres &#8211; Planning<\/a>&#8221; pour connaitre la date de notre prochaine rencontre.<\/p>\r\n\r\n\r\n\r\n<p>Les rencontres<\/p>\r\n\r\n\r\n\r\n<p>Nos rencontres sont principalement compos\u00e9es des activit\u00e9s suivantes dont aucune est obligatoire :<\/p>\r\n\r\n\r\n\r\n<p><strong>Th\u00e8mes photos<\/strong> : Ce sont des th\u00e8mes de photographie communiqu\u00e9s plusieurs mois \u00e0 l&#8217;avance. Chaque membre va r\u00e9aliser une photo interpr\u00e9tant le th\u00e8me. Lors de la rencontre correspondante, les photos sont projet\u00e9es et chacun peut y apporter ses commentaires ou critiques (constructives) sur les aspects techniques et artistiques.<\/p>\r\n\r\n\r\n\r\n<p><strong>Copie cr\u00e9ative<\/strong> : Il s&#8217;agit d&#8217;un exercice unique dans l&#8217;ann\u00e9e. Un th\u00e8me de photographie est donn\u00e9 avec \u00e9ventuellement certaines contraintes de r\u00e9alisation. La photo r\u00e9alis\u00e9e par chacun est remise anonymement. Les photos sont ensuite communiqu\u00e9es \u00e0 un photographe professionnel qui en fait une analyse critique technique et artistique lors d&#8217;une s\u00e9ance du club.<\/p>\r\n\r\n\r\n\r\n<p><strong>Sujets techniques<\/strong> : A plusieurs reprises dans l&#8217;ann\u00e9e nous proposons d&#8217;aborder un aspect de technique photographique (profondeur de champ, traitement de photo, portrait, etc.). Ces sujets sont d\u00e9termin\u00e9s sur la base des demandes des membres. Ces pr\u00e9sentations sont men\u00e9es soit par un membre du club soit par un professionnel. Elles durent au maximum une heure.<\/p>\r\n\r\n\r\n\r\n<p><strong>Intervenants externes<\/strong> : Lors de certaines rencontres, nous faisons \u00e9galement intervenir des personnes externes au club (photographes professionnels ou autres) pour nous pr\u00e9senter un sujet particulier couvrant les techniques sp\u00e9cifiques \u00e0 leur m\u00e9tier, leur cursus professionnel, un travail d&#8217;exposition, etc.<\/p>\r\n\r\n\r\n\r\n<p><strong>Le x20<\/strong>&nbsp;: Lors de ces soir\u00e9es, 1 \u00e0 3 membres du club au maximum disposent d&#8217;environ 20 minutes pour pr\u00e9senter un sujet qui l&#8217;int\u00e9resse &#8211; Techniques photo, projet photographique, exposition ou salon visit\u00e9, etc.<\/p>\r\n\r\n\r\n\r\n<p><strong>Mini-rallyes<\/strong>&nbsp;: Certaines s\u00e9ances sont consacr\u00e9es \u00e0 des mini-rallyes photographiques dans un lieu ou une commune de la r\u00e9gion. Nos membres ont 2 heures pour r\u00e9aliser des photos sur la base de 3 th\u00e8mes communiqu\u00e9s en d\u00e9but de s\u00e9ance. Ces photos sont ensuite publi\u00e9es sur notre site que les membres peuvent consulter. Elles peuvent aussi faire l&#8217;objet d&#8217;une analyse critique constructive lors d&#8217;une autre s\u00e9ance.<\/p>\r\n\r\n\r\n\r\n<p>D\u00e9fis photo<\/p>\r\n\r\n\r\n\r\n<p><strong>D\u00e9fi :<\/strong>&nbsp;Plusieurs lundis (hors s\u00e9ances pr\u00e9sentielles ou autre \u00e9v\u00e9nement), la commission technique propose \u00e0 nos membres un d\u00e9fi photographique permettant de pratiquer des techniques ou r\u00e9glages particuliers. En g\u00e9n\u00e9ral, les membres disposent d&#8217;une semaine pour r\u00e9aliser une ou deux photos de leur choix correspondant au d\u00e9fi annonc\u00e9. La critique constructive des photos r\u00e9alis\u00e9es s&#8217;effectue le lundi de d\u00e9fi suivant (sauf exception) via Skype.<\/p>\r\n\r\n\r\n\r\n<p>Formations\/Ateliers<\/p>\r\n\r\n\r\n\r\n<p><strong>Formations\/Ateliers<\/strong>&nbsp;: Le club propose \u00e0 ses membres une formation sur les bases du d\u00e9veloppement de la photographie num\u00e9rique ainsi que divers ateliers pratiques. La formation est bas\u00e9e sur le logiciel Raw Therapee. Les ateliers peuvent \u00eatre effectu\u00e9s tant sur Raw Therapee que sur Photoshop Element ou d&#8217;autres solutions et techniques selon le sujet trait\u00e9. Ces formations et ateliers ont normalement lieu le samedi.<\/p>\r\n\r\n\r\n\r\n<p><strong>Attention : Notre club ne&nbsp;donne pas de cours de photographie. N\u00e9anmoins si un nombre suffisant de membres souhaite recevoir un cours su<\/strong><strong>r un th\u00e8me donn\u00e9, nous \u00e9tudions les possibilit\u00e9s de le suivre soit dans un centre de formation soit au sein de notre club avec un photographe professionnel. Conditions et co\u00fbts sont d\u00e9termin\u00e9s au cas par cas.<\/strong><\/p>\r\n\r\n\r\n\r\n<p>Sorties en club<\/p>\r\n\r\n\r\n\r\n<p><strong>Plusieurs samedi dans l&#8217;ann\u00e9e<\/strong>, notre club propose une sortie photo en groupe d&#8217;une journ\u00e9e maximum. Tous les membres peuvent y participer mais il est demand\u00e9 \u00e0 chacun de s&#8217;y inscrire \u00e0 l&#8217;avance pour des questions organisationnelles.<\/p>\r\n\r\n\r\n\r\n<p>Parmi les sorties de ces derni\u00e8res ann\u00e9es nous pouvons citer par exemple :<\/p>\r\n\r\n\r\n\r\n<ul class=\"wp-block-list\">\r\n<li style=\"list-style-type: none;\">\r\n<ul class=\"wp-block-list\">\r\n<li>Le parc animalier &#8220;Les Aigles du L\u00e9man&#8221;<\/li>\r\n<\/ul>\r\n<\/li>\r\n<\/ul>\r\n\r\n\r\n\r\n<ul class=\"wp-block-list\">\r\n<li style=\"list-style-type: none;\">\r\n<ul class=\"wp-block-list\">\r\n<li>L&#8217;arboretum d&#8217;Aubonne<\/li>\r\n<\/ul>\r\n<\/li>\r\n<\/ul>\r\n\r\n\r\n\r\n<ul class=\"wp-block-list\">\r\n<li style=\"list-style-type: none;\">\r\n<ul class=\"wp-block-list\">\r\n<li>Un circuit en bateau &#8220;Belle-\u00e9poque&#8221; sur le lac L\u00e9man<\/li>\r\n<\/ul>\r\n<\/li>\r\n<\/ul>\r\n\r\n\r\n\r\n<p>Ces sorties peuvent \u00eatre accompagn\u00e9es d&#8217;un guide ou d&#8217;un photographe professionnel.<\/p>\r\n\r\n\r\n\r\n<p>Expositions<\/p>\r\n\r\n\r\n\r\n<p>L&#8217;exposition est <strong>&#8220;LE&#8221; rendez-vous annuel et historique du club<\/strong>.<\/p>\r\n\r\n\r\n\r\n<p>Chaque ann\u00e9e, au mois de mars, notre club organise une exposition publique de photos r\u00e9alis\u00e9es par nos membres sur un th\u00e8me \u00e0 chaque fois diff\u00e9rent. Le th\u00e8me de l&#8217;exposition est d\u00e9termin\u00e9 2 ans auparavent et chaque membre du club y participant doit r\u00e9aliser une s\u00e9rie coh\u00e9rente de photos. Vous pouvez consulter les th\u00e8mes des anciennes expositions sur la page &#8220;<a href=\"https:\/\/www.photoclubgland.ch\/Wpress\/historique\/historique\">Historique<\/a>&#8221; du club ou regarder les photos dans la &#8220;<a href=\"https:\/\/www.photoclubgland.ch\/Wpress\/galerie-1\/\">Galerie<\/a>&#8220;.<\/p>\r\n\r\n\r\n\r\n<p>L&#8217;exposition se d\u00e9roule au Coll\u00e8ge de Grand-Champ \u00e0 Gland durant 10 jours. Elle est gratuite et ouverte \u00e0 tous. C&#8217;est un merveilleux moment d&#8217;\u00e9changes entre les photographes et le public amateur de belles images.<\/p>\r\n\r\n\r\n\r\n<p>La participation \u00e0 l&#8217;exposition implique, pour les exposants, de respecter quelques points de r\u00e8glement.<\/p>\r\n\r\n\r\n\r\n<p>A c\u00f4t\u00e9 de l&#8217;exposition annuelle, certains membres participent parfois \u00e0 d&#8217;autres expositions soit lors de manifestations dans la r\u00e9gion ou dans d&#8217;autres lieux (h\u00f4pitaux, etc.).<\/p>\r\n\r\n\r\n\r\n<p>Concours<\/p>\r\n\r\n\r\n\r\n<p>Dans l&#8217;ann\u00e9e nous participons \u00e0 <strong>3 concours<\/strong> r\u00e9gionaux ou nationaux :<\/p>\r\n\r\n\r\n\r\n<p><strong>Rallye Romand<\/strong> : Il s&#8217;agit d&#8217;un <strong>concours r\u00e9gional entre clubs romands<\/strong>. Il est organis\u00e9 chaque ann\u00e9e par un club diff\u00e9rent sur un samedi. Chaque participant doit r\u00e9aliser sur le lieu du rallye des photos sur les diff\u00e9rents th\u00e8mes propos\u00e9s. Elles sont ensuite jug\u00e9es par un jury professionnel. Un gagnant est d\u00e9termin\u00e9 pour chaque cat\u00e9gorie ainsi qu&#8217;un gagnant toutes cat\u00e9gories et le meilleur club.<\/p>\r\n\r\n\r\n\r\n<p><strong>Photo Muensingen<\/strong> : Dans le cadre de ce forum de photographie, un<strong> concours national<\/strong> est organis\u00e9 pour les clubs amateurs de Suisse. Sur la base du th\u00e8me impos\u00e9, chaque club doit produire une composition de 5 photos maximum r\u00e9alis\u00e9es chacune par un photographe diff\u00e9rent. Plus d&#8217;information sur cet \u00e9v\u00e8nement sur le site de &#8220;<a href=\"http:\/\/photomuensingen.ch\/\" target=\"_blank\" rel=\"noreferrer noopener\">Photo Muensingen<\/a>&#8221; (en allemand).<\/p>\r\n\r\n\r\n\r\n<p><strong>PhotoSuisse<\/strong> : Le Club Photo de Gland est affili\u00e9 \u00e0 PhotoSuisse. Chaque membre de notre club peut, par l&#8217;interm\u00e9diaire du club, cotiser \u00e9galement \u00e0 PhotoSuisse et ainsi <strong>participer aux concours nationaux &#8220;Couleurs&#8221; ou &#8220;Noir-Blanc&#8221;<\/strong>. Les photos envoy\u00e9es \u00e0 PhotoSuisse sont jug\u00e9es et un classement est \u00e9tabli du meilleur photographe et du meilleur club dans chaque cat\u00e9gorie ainsi qu&#8217;un classement &#8220;toutes cat\u00e9gories&#8221;. Un livre de photos est \u00e9tabli chaque ann\u00e9e avec l&#8217;ensemble des meilleures photos retenues. <a href=\"https:\/\/photosuisse.net\/fr\/\" target=\"_blank\" rel=\"noopener\">Site PhotoSuisse<\/a><\/p>","protected":false},"excerpt":{"rendered":"<p>Nos activit\u00e9s Fr\u00e9quence et lieu des rencontres du club Notre club se r\u00e9unit en pr\u00e9sentiel environ 1 fois toutes les 3 \u00e0 4 semaines, sauf en juillet\/ao\u00fbt, le lundi soir <a class=\"more-link\" href=\"https:\/\/www.photoclubgland.ch\/Wpress\/activites\/\">Continuer la lecture<span class=\"screen-reader-text\">Activit\u00e9s<\/span><span class=\"meta-nav\">&rarr;<\/span><\/a><\/p>\n","protected":false},"author":1,"featured_media":0,"parent":0,"menu_order":0,"comment_status":"closed","ping_status":"closed","template":"","meta":{"advgb_blocks_editor_width":"","advgb_blocks_columns_visual_guide":"","ngg_post_thumbnail":0,"footnotes":""},"class_list":["post-4988","page","type-page","status-publish","hentry"],"coauthors":[],"author_meta":{"author_link":"https:\/\/www.photoclubgland.ch\/Wpress\/author\/admin\/","display_name":"Henri Schaerer"},"relative_dates":{"created":"Publi\u00e9 2 ans il y a","modified":"Mis \u00e0 jour 2 ans il y a"},"absolute_dates":{"created":"Publi\u00e9 le 23 juillet, 2024","modified":"Mise \u00e0 jour le 23 juillet, 2024"},"absolute_dates_time":{"created":"Publi\u00e9 le 23 juillet, 2024 12h18","modified":"Mise \u00e0 jour le 23 juillet, 2024 13h35"},"featured_img_caption":"","featured_img":false,"series_order":"","_links":{"self":[{"href":"https:\/\/www.photoclubgland.ch\/Wpress\/wp-json\/wp\/v2\/pages\/4988","targetHints":{"allow":["GET"]}}],"collection":[{"href":"https:\/\/www.photoclubgland.ch\/Wpress\/wp-json\/wp\/v2\/pages"}],"about":[{"href":"https:\/\/www.photoclubgland.ch\/Wpress\/wp-json\/wp\/v2\/types\/page"}],"author":[{"embeddable":true,"href":"https:\/\/www.photoclubgland.ch\/Wpress\/wp-json\/wp\/v2\/users\/1"}],"replies":[{"embeddable":true,"href":"https:\/\/www.photoclubgland.ch\/Wpress\/wp-json\/wp\/v2\/comments?post=4988"}],"version-history":[{"count":2,"href":"https:\/\/www.photoclubgland.ch\/Wpress\/wp-json\/wp\/v2\/pages\/4988\/revisions"}],"predecessor-version":[{"id":4996,"href":"https:\/\/www.photoclubgland.ch\/Wpress\/wp-json\/wp\/v2\/pages\/4988\/revisions\/4996"}],"wp:attachment":[{"href":"https:\/\/www.photoclubgland.ch\/Wpress\/wp-json\/wp\/v2\/media?parent=4988"}],"curies":[{"name":"wp","href":"https:\/\/api.w.org\/{rel}","templated":true}]}}