{"id":5423,"date":"2024-12-02T13:35:10","date_gmt":"2024-12-02T11:35:10","guid":{"rendered":"https:\/\/www.photoclubgland.ch\/Wpress\/?page_id=5423"},"modified":"2025-04-19T14:41:37","modified_gmt":"2025-04-19T12:41:37","slug":"expo-2025","status":"publish","type":"page","link":"https:\/\/www.photoclubgland.ch\/Wpress\/expo-2025\/","title":{"rendered":"EXPO 2025"},"content":{"rendered":"\n<p><\/p>\n\n\n\n<figure class=\"wp-block-image size-full\"><img loading=\"lazy\" decoding=\"async\" width=\"1075\" height=\"1520\" src=\"https:\/\/www.photoclubgland.ch\/Wpress\/wp-content\/uploads\/2024\/12\/Affiche-EXPO-2025.jpg\" alt=\"\" class=\"wp-image-5422\" srcset=\"https:\/\/www.photoclubgland.ch\/Wpress\/wp-content\/uploads\/2024\/12\/Affiche-EXPO-2025.jpg 1075w, https:\/\/www.photoclubgland.ch\/Wpress\/wp-content\/uploads\/2024\/12\/Affiche-EXPO-2025-212x300.jpg 212w, https:\/\/www.photoclubgland.ch\/Wpress\/wp-content\/uploads\/2024\/12\/Affiche-EXPO-2025-768x1086.jpg 768w\" sizes=\"auto, (max-width: 1075px) 100vw, 1075px\" \/><\/figure>\n\n\n<div class=\"wp-block-image\">\n<figure class=\"aligncenter size-full\"><img loading=\"lazy\" decoding=\"async\" width=\"1192\" height=\"1684\" src=\"https:\/\/www.photoclubgland.ch\/Wpress\/wp-content\/uploads\/2025\/01\/Affiche-2025-verso_04-1.jpg\" alt=\"\" class=\"wp-image-5886\" srcset=\"https:\/\/www.photoclubgland.ch\/Wpress\/wp-content\/uploads\/2025\/01\/Affiche-2025-verso_04-1.jpg 1192w, https:\/\/www.photoclubgland.ch\/Wpress\/wp-content\/uploads\/2025\/01\/Affiche-2025-verso_04-1-212x300.jpg 212w, https:\/\/www.photoclubgland.ch\/Wpress\/wp-content\/uploads\/2025\/01\/Affiche-2025-verso_04-1-768x1085.jpg 768w, https:\/\/www.photoclubgland.ch\/Wpress\/wp-content\/uploads\/2025\/01\/Affiche-2025-verso_04-1-1087x1536.jpg 1087w\" sizes=\"auto, (max-width: 1192px) 100vw, 1192px\" \/><\/figure>\n<\/div>\n\n\n<div class=\"wp-block-buttons is-content-justification-center is-layout-flex wp-container-core-buttons-is-layout-16018d1d wp-block-buttons-is-layout-flex\"><\/div>\n\n\n\n<p><\/p>\n","protected":false},"excerpt":{"rendered":"","protected":false},"author":1,"featured_media":0,"parent":0,"menu_order":0,"comment_status":"closed","ping_status":"closed","template":"","meta":{"advgb_blocks_editor_width":"","advgb_blocks_columns_visual_guide":"","ngg_post_thumbnail":0,"footnotes":""},"class_list":["post-5423","page","type-page","status-publish","hentry"],"coauthors":[],"author_meta":{"author_link":"https:\/\/www.photoclubgland.ch\/Wpress\/author\/admin\/","display_name":"Henri Schaerer"},"relative_dates":{"created":"Publi\u00e9 1 an il y a","modified":"Mis \u00e0 jour 1 an il y a"},"absolute_dates":{"created":"Publi\u00e9 le 2 d\u00e9cembre, 2024","modified":"Mise \u00e0 jour le 19 avril, 2025"},"absolute_dates_time":{"created":"Publi\u00e9 le 2 d\u00e9cembre, 2024 13h35","modified":"Mise \u00e0 jour le 19 avril, 2025 14h41"},"featured_img_caption":"","featured_img":false,"series_order":"","_links":{"self":[{"href":"https:\/\/www.photoclubgland.ch\/Wpress\/wp-json\/wp\/v2\/pages\/5423","targetHints":{"allow":["GET"]}}],"collection":[{"href":"https:\/\/www.photoclubgland.ch\/Wpress\/wp-json\/wp\/v2\/pages"}],"about":[{"href":"https:\/\/www.photoclubgland.ch\/Wpress\/wp-json\/wp\/v2\/types\/page"}],"author":[{"embeddable":true,"href":"https:\/\/www.photoclubgland.ch\/Wpress\/wp-json\/wp\/v2\/users\/1"}],"replies":[{"embeddable":true,"href":"https:\/\/www.photoclubgland.ch\/Wpress\/wp-json\/wp\/v2\/comments?post=5423"}],"version-history":[{"count":31,"href":"https:\/\/www.photoclubgland.ch\/Wpress\/wp-json\/wp\/v2\/pages\/5423\/revisions"}],"predecessor-version":[{"id":6398,"href":"https:\/\/www.photoclubgland.ch\/Wpress\/wp-json\/wp\/v2\/pages\/5423\/revisions\/6398"}],"wp:attachment":[{"href":"https:\/\/www.photoclubgland.ch\/Wpress\/wp-json\/wp\/v2\/media?parent=5423"}],"curies":[{"name":"wp","href":"https:\/\/api.w.org\/{rel}","templated":true}]}}