{"id":6377,"date":"2025-04-19T13:25:58","date_gmt":"2025-04-19T11:25:58","guid":{"rendered":"https:\/\/www.photoclubgland.ch\/Wpress\/?page_id=6377"},"modified":"2025-10-27T17:06:40","modified_gmt":"2025-10-27T16:06:40","slug":"expo-2025-2","status":"publish","type":"page","link":"https:\/\/www.photoclubgland.ch\/Wpress\/expo-2025-2\/","title":{"rendered":"EXPO 2025 Meilleure photo et meilleure s\u00e9rie"},"content":{"rendered":"\n<h2 class=\"wp-block-heading\"><strong>La Meilleure PHOTO<\/strong>,    Esther Mahmoudi<\/h2>\n\n\n\nngg_shortcode_0_placeholder\n\n\n\n<h2 class=\"wp-block-heading\">La Meilleure serie, vote du public Esther Mahmoudi<\/h2>\n\n\n\nngg_shortcode_1_placeholder\n","protected":false},"excerpt":{"rendered":"<p>La Meilleure PHOTO, Esther Mahmoudi La Meilleure serie, vote du public Esther Mahmoudi<\/p>\n","protected":false},"author":1,"featured_media":0,"parent":0,"menu_order":0,"comment_status":"closed","ping_status":"closed","template":"","meta":{"advgb_blocks_editor_width":"","advgb_blocks_columns_visual_guide":"","ngg_post_thumbnail":0,"footnotes":""},"class_list":["post-6377","page","type-page","status-publish","hentry"],"coauthors":[],"author_meta":{"author_link":"https:\/\/www.photoclubgland.ch\/Wpress\/author\/admin\/","display_name":"Henri Schaerer"},"relative_dates":{"created":"Publi\u00e9 1 an il y a","modified":"Mis \u00e0 jour 6 mois il y a"},"absolute_dates":{"created":"Publi\u00e9 le 19 avril, 2025","modified":"Mise \u00e0 jour le 27 octobre, 2025"},"absolute_dates_time":{"created":"Publi\u00e9 le 19 avril, 2025 13h25","modified":"Mise \u00e0 jour le 27 octobre, 2025 17h06"},"featured_img_caption":"","featured_img":false,"series_order":"","_links":{"self":[{"href":"https:\/\/www.photoclubgland.ch\/Wpress\/wp-json\/wp\/v2\/pages\/6377","targetHints":{"allow":["GET"]}}],"collection":[{"href":"https:\/\/www.photoclubgland.ch\/Wpress\/wp-json\/wp\/v2\/pages"}],"about":[{"href":"https:\/\/www.photoclubgland.ch\/Wpress\/wp-json\/wp\/v2\/types\/page"}],"author":[{"embeddable":true,"href":"https:\/\/www.photoclubgland.ch\/Wpress\/wp-json\/wp\/v2\/users\/1"}],"replies":[{"embeddable":true,"href":"https:\/\/www.photoclubgland.ch\/Wpress\/wp-json\/wp\/v2\/comments?post=6377"}],"version-history":[{"count":3,"href":"https:\/\/www.photoclubgland.ch\/Wpress\/wp-json\/wp\/v2\/pages\/6377\/revisions"}],"predecessor-version":[{"id":7024,"href":"https:\/\/www.photoclubgland.ch\/Wpress\/wp-json\/wp\/v2\/pages\/6377\/revisions\/7024"}],"wp:attachment":[{"href":"https:\/\/www.photoclubgland.ch\/Wpress\/wp-json\/wp\/v2\/media?parent=6377"}],"curies":[{"name":"wp","href":"https:\/\/api.w.org\/{rel}","templated":true}]}}