{"id":6509,"date":"2025-05-15T19:22:11","date_gmt":"2025-05-15T17:22:11","guid":{"rendered":"https:\/\/www.photoclubgland.ch\/Wpress\/?page_id=6509"},"modified":"2026-04-08T10:08:35","modified_gmt":"2026-04-08T08:08:35","slug":"preparation-expo","status":"publish","type":"page","link":"https:\/\/www.photoclubgland.ch\/Wpress\/preparation-expo\/","title":{"rendered":"Pr\u00e9paration expo"},"content":{"rendered":"","protected":true},"excerpt":{"rendered":"","protected":true},"author":32,"featured_media":0,"parent":0,"menu_order":0,"comment_status":"closed","ping_status":"closed","template":"","meta":{"advgb_blocks_editor_width":"","advgb_blocks_columns_visual_guide":"","ngg_post_thumbnail":0,"footnotes":""},"class_list":["post-6509","page","type-page","status-publish","post-password-required","hentry"],"coauthors":[],"author_meta":{"author_link":"https:\/\/www.photoclubgland.ch\/Wpress\/author\/poulpie\/","display_name":"Virginie"},"relative_dates":{"created":"Publi\u00e9 11 mois il y a","modified":"Mis \u00e0 jour 2 semaines il y a"},"absolute_dates":{"created":"Publi\u00e9 le 15 mai, 2025","modified":"Mise \u00e0 jour le 8 avril, 2026"},"absolute_dates_time":{"created":"Publi\u00e9 le 15 mai, 2025 19h22","modified":"Mise \u00e0 jour le 8 avril, 2026 10h08"},"featured_img_caption":"","featured_img":false,"series_order":"","_links":{"self":[{"href":"https:\/\/www.photoclubgland.ch\/Wpress\/wp-json\/wp\/v2\/pages\/6509","targetHints":{"allow":["GET"]}}],"collection":[{"href":"https:\/\/www.photoclubgland.ch\/Wpress\/wp-json\/wp\/v2\/pages"}],"about":[{"href":"https:\/\/www.photoclubgland.ch\/Wpress\/wp-json\/wp\/v2\/types\/page"}],"author":[{"embeddable":true,"href":"https:\/\/www.photoclubgland.ch\/Wpress\/wp-json\/wp\/v2\/users\/32"}],"replies":[{"embeddable":true,"href":"https:\/\/www.photoclubgland.ch\/Wpress\/wp-json\/wp\/v2\/comments?post=6509"}],"version-history":[{"count":26,"href":"https:\/\/www.photoclubgland.ch\/Wpress\/wp-json\/wp\/v2\/pages\/6509\/revisions"}],"predecessor-version":[{"id":7575,"href":"https:\/\/www.photoclubgland.ch\/Wpress\/wp-json\/wp\/v2\/pages\/6509\/revisions\/7575"}],"wp:attachment":[{"href":"https:\/\/www.photoclubgland.ch\/Wpress\/wp-json\/wp\/v2\/media?parent=6509"}],"curies":[{"name":"wp","href":"https:\/\/api.w.org\/{rel}","templated":true}]}}