{"id":6973,"date":"2025-10-27T15:52:38","date_gmt":"2025-10-27T14:52:38","guid":{"rendered":"https:\/\/www.photoclubgland.ch\/Wpress\/?page_id=6973"},"modified":"2026-04-08T09:41:44","modified_gmt":"2026-04-08T07:41:44","slug":"presentation-janvier","status":"publish","type":"page","link":"https:\/\/www.photoclubgland.ch\/Wpress\/presentation-janvier\/","title":{"rendered":"\ud83d\udc49 Pour le 2 et 4 janvier"},"content":{"rendered":"","protected":true},"excerpt":{"rendered":"","protected":true},"author":32,"featured_media":0,"parent":0,"menu_order":0,"comment_status":"closed","ping_status":"closed","template":"","meta":{"advgb_blocks_editor_width":"","advgb_blocks_columns_visual_guide":"","ngg_post_thumbnail":0,"footnotes":""},"class_list":["post-6973","page","type-page","status-publish","post-password-required","hentry"],"coauthors":[],"author_meta":{"author_link":"https:\/\/www.photoclubgland.ch\/Wpress\/author\/poulpie\/","display_name":"Virginie"},"relative_dates":{"created":"Publi\u00e9 6 mois il y a","modified":"Mis \u00e0 jour 4 semaines il y a"},"absolute_dates":{"created":"Publi\u00e9 le 27 octobre, 2025","modified":"Mise \u00e0 jour le 8 avril, 2026"},"absolute_dates_time":{"created":"Publi\u00e9 le 27 octobre, 2025 15h52","modified":"Mise \u00e0 jour le 8 avril, 2026 9h41"},"featured_img_caption":"","featured_img":false,"series_order":"","_links":{"self":[{"href":"https:\/\/www.photoclubgland.ch\/Wpress\/wp-json\/wp\/v2\/pages\/6973","targetHints":{"allow":["GET"]}}],"collection":[{"href":"https:\/\/www.photoclubgland.ch\/Wpress\/wp-json\/wp\/v2\/pages"}],"about":[{"href":"https:\/\/www.photoclubgland.ch\/Wpress\/wp-json\/wp\/v2\/types\/page"}],"author":[{"embeddable":true,"href":"https:\/\/www.photoclubgland.ch\/Wpress\/wp-json\/wp\/v2\/users\/32"}],"replies":[{"embeddable":true,"href":"https:\/\/www.photoclubgland.ch\/Wpress\/wp-json\/wp\/v2\/comments?post=6973"}],"version-history":[{"count":12,"href":"https:\/\/www.photoclubgland.ch\/Wpress\/wp-json\/wp\/v2\/pages\/6973\/revisions"}],"predecessor-version":[{"id":7567,"href":"https:\/\/www.photoclubgland.ch\/Wpress\/wp-json\/wp\/v2\/pages\/6973\/revisions\/7567"}],"wp:attachment":[{"href":"https:\/\/www.photoclubgland.ch\/Wpress\/wp-json\/wp\/v2\/media?parent=6973"}],"curies":[{"name":"wp","href":"https:\/\/api.w.org\/{rel}","templated":true}]}}