{"id":6995,"date":"2025-10-27T17:00:21","date_gmt":"2025-10-27T16:00:21","guid":{"rendered":"https:\/\/www.photoclubgland.ch\/Wpress\/?page_id=6995"},"modified":"2026-02-16T09:43:28","modified_gmt":"2026-02-16T08:43:28","slug":"accueil","status":"publish","type":"page","link":"https:\/\/www.photoclubgland.ch\/Wpress\/","title":{"rendered":"Accueil"},"content":{"rendered":"\n<h2 class=\"wp-block-heading has-text-align-center\" id=\"notre-histoire-a252f19a-1c47-46a7-9d29-8c852be6d494\">Bienvenue sur le site du Photo Club Gland<\/h2>\n\n\n\n<p class=\"has-text-align-center\">Le club est cr\u00e9\u00e9 en 2006, pourtant, son histoire a commenc\u00e9 dix ans plus t\u00f4t. En 1996, trois amis Glandois et photographes amateurs d\u00e9cident de monter une exposition commune. <\/p>\n\n\n\n<p class=\"has-text-align-center\">Depuis, le Photo Club Gland a grandi et compte une trentaine de membres actifs, et organise chaque ann\u00e9e une exposition annuelle, un concours photo public ainsi qu&#8217;une conf\u00e9rence de notre invit\u00e9 d&#8217;honneur.<\/p>\n\n\n\n<div class=\"wp-block-advgb-button aligncenter\"><a class=\"wp-block-advgb-button_link advgbbtn-d32d2bd9-38e5-4264-8825-d748319db617\" href=\"https:\/\/www.photoclubgland.ch\/Wpress\/historique\/\" target=\"_blank\" rel=\"noopener noreferrer\"><span>\ud83d\udcda Notre histoire<\/span><\/a><\/div>\n\n\n\n<div style=\"height:33px\" aria-hidden=\"true\" class=\"wp-block-spacer\"><\/div>\n\n\n\n<p class=\"has-text-align-center\">\ud83d\udcf7 <strong>N&#8217;h\u00e9sitez pas \u00e0 nous suivre sur les r\u00e9seaux sociaux<\/strong> \ud83d\udcf7<br>et vous <a href=\"https:\/\/521126e5.sibforms.com\/serve\/MUIFANjeuGzYarweDZndX4H3mLlfluIr0oUzYgOhVAe3DnZTWP2HbEs6pTyZeVMrL-N727IbRGKbdKOJEe30YkMaImr_vdBytNw18hMLs8L6hF7OO72U-qqhbqmE4oSSqJnbLbXSu8FugL5VH4VeWlPKAlAgxMAzpMppbOUnPVvvRdrdrVLb8Hp-fkGlrz7TvCfGoiG2DC6NPD25\" target=\"_blank\" rel=\"noreferrer noopener\">abonner \u00e0 notre newsletter<\/a> ci-dessous pour \u00eatre inform\u00e9 de nos prochains \u00e9v\u00e9nements !<\/p>\n\n\n\n<div class=\"wp-block-advgb-social-links advgb-social-links-block\"><div class=\"advgb-social-icons\"><a class=\"advgb-social-icon\" href=\"https:\/\/www.facebook.com\/photoclubgland\/\" target=\"_blank\" rel=\"noopener noreferrer\" style=\"width:48px;height:48px;margin-left:5px;margin-right:5px;color:#46b92b\"><svg width=\"42\" height=\"42\" viewBox=\"0 0 50 50\"><g fill=\"currentColor\" fill-rule=\"evenodd\" stroke=\"none\" stroke-width=\"1\"><path d=\"M25,50 C38.8071194,50 50,38.8071194 50,25 C50,11.1928806 38.8071194,0 25,0 C11.1928806,0 0,11.1928806 0,25 C0,38.8071194 11.1928806,50 25,50 Z M25,47 C37.1502651,47 47,37.1502651 47,25 C47,12.8497349 37.1502651,3 25,3 C12.8497349,3 3,12.8497349 3,25 C3,37.1502651 12.8497349,47 25,47 Z M26.8145197,36 L26.8145197,24.998712 L30.0687449,24.998712 L30.5,21.2076072 L26.8145197,21.2076072 L26.8200486,19.3101227 C26.8200486,18.3213442 26.9207209,17.7915341 28.4425538,17.7915341 L30.4769629,17.7915341 L30.4769629,14 L27.2222769,14 C23.3128757,14 21.9368678,15.8390937 21.9368678,18.9318709 L21.9368678,21.2080366 L19.5,21.2080366 L19.5,24.9991413 L21.9368678,24.9991413 L21.9368678,36 L26.8145197,36 Z M26.8145197,36\"><\/path><\/g><\/svg><\/a><a class=\"advgb-social-icon\" href=\"http:\/\/www.instagram.com\/photoclubgland\" target=\"_blank\" rel=\"noopener noreferrer\" style=\"width:48px;height:48px;margin-left:5px;margin-right:5px;color:#46b92b\"><svg width=\"42\" height=\"42\" viewBox=\"0 0 50 50\"><g fill=\"currentColor\" fill-rule=\"evenodd\" stroke=\"none\" stroke-width=\"1\"><path d=\"M25,0 C11.1928806,0 0,11.1928806 0,25 C0,38.8071194 11.1928806,50 25,50 C38.8071194,50 50,38.8071194 50,25 C50,11.1928806 38.8071194,0 25,0 Z M25,3 C12.8497349,3 3,12.8497349 3,25 C3,37.1502651 12.8497349,47 25,47 C37.1502651,47 47,37.1502651 47,25 C47,12.8497349 37.1502651,3 25,3 Z M35.9513128,34.5096659 C35.9701595,34.4075385 35.9839804,34.3037693 36,34.2013135 L36,15.7986865 C35.9846086,15.6978726 35.9714159,15.5967304 35.9525693,15.496245 C35.7600194,14.4654483 34.9467868,13.6655054 33.9482288,13.5226585 C33.9067662,13.517076 33.8662459,13.5075528 33.8254116,13.5 L16.1745884,13.5 C16.0681049,13.5200314 15.9609932,13.5351371 15.8560802,13.5600942 C14.8813947,13.7922616 14.1601965,14.6128926 14.0213595,15.6453312 C14.0157055,15.6883495 14.0072245,15.7310394 14,15.7740577 L14,34.2269275 C14.0201031,34.3438321 14.0361227,34.4617219 14.0612516,34.5779697 C14.2767315,35.5742861 15.0902783,36.3466448 16.0580534,36.4766848 C16.1048559,36.4825957 16.1519725,36.4921188 16.198775,36.5 L33.801225,36.5 C33.9155613,36.4796402 34.0302117,36.4628926 34.1432916,36.4372787 C35.0416482,36.2379497 35.775725,35.454426 35.9513128,34.5096659 Z M16.380331,33.0989292 C16.380331,33.5885494 16.7858479,34.0095374 17.254187,34.0095374 C22.4169106,34.0098658 27.5793201,34.0098658 32.7420437,34.0095374 C33.2147803,34.0095374 33.6180985,33.5892062 33.6180985,33.0959737 C33.6184126,29.6962164 33.6180985,26.2967875 33.6180985,22.8973587 L33.6180985,22.8267561 L31.5179543,22.8267561 C31.8144748,23.81749 31.9055669,24.8252998 31.7893459,25.8524843 C31.6724968,26.8799971 31.3558732,27.8362507 30.8401034,28.7192747 C30.3240195,29.6032838 29.6549637,30.3355797 28.8357629,30.9184609 C26.7123745,32.4303398 23.9167892,32.5633352 21.6636731,31.2412621 C20.5247077,30.5736579 19.6304345,29.6426899 19.0069247,28.4431039 C18.0768429,26.653084 17.9282685,24.7744003 18.4738788,22.8251142 C17.7771813,22.825771 17.0833107,22.825771 16.3800168,22.825771 L16.3800168,22.8878355 C16.3800168,26.2915334 16.3797027,29.6952313 16.380331,33.0989292 Z M24.897757,29.6581239 C27.3886549,29.7139492 29.403361,27.6333095 29.4558175,25.1027841 C29.5095304,22.4931182 27.4960808,20.3376071 25.0001571,20.339249 C22.5601451,20.3376071 20.5765359,22.3900057 20.5422979,24.9293975 C20.5071175,27.5370931 22.5039192,29.604269 24.897757,29.6581239 Z M33.6177844,18.481582 C33.6180985,17.7555254 33.6180985,17.0291405 33.6177844,16.303084 C33.6177844,15.7822673 33.2235754,15.3678469 32.7260241,15.3675186 C32.03341,15.3671902 31.3407958,15.3668618 30.6478676,15.3675186 C30.1515727,15.3681753 29.7561073,15.7835808 29.7557932,16.3043975 C29.7554791,17.0242147 29.7535944,17.744032 29.7583061,18.4641776 C29.7589343,18.5715591 29.7784092,18.6832096 29.8110767,18.7850086 C29.9354645,19.1682324 30.2712489,19.4033552 30.6824198,19.4053255 C31.0166336,19.4059823 31.3508474,19.4049971 31.6853753,19.4049971 C32.0472308,19.4007282 32.4103428,19.4079526 32.7725125,19.3987579 C33.2383386,19.3866077 33.6177844,18.9692319 33.6177844,18.481582 Z M33.6177844,18.481582\"><\/path><\/g><\/svg><\/a><a class=\"advgb-social-icon\" href=\"https:\/\/521126e5.sibforms.com\/serve\/MUIFANjeuGzYarweDZndX4H3mLlfluIr0oUzYgOhVAe3DnZTWP2HbEs6pTyZeVMrL-N727IbRGKbdKOJEe30YkMaImr_vdBytNw18hMLs8L6hF7OO72U-qqhbqmE4oSSqJnbLbXSu8FugL5VH4VeWlPKAlAgxMAzpMppbOUnPVvvRdrdrVLb8Hp-fkGlrz7TvCfGoiG2DC6NPD25\" target=\"_blank\" rel=\"noopener noreferrer\" style=\"width:48px;height:48px;margin-left:5px;margin-right:5px;color:#46b92b\"><svg width=\"42\" height=\"42\" viewBox=\"0 0 50 50\"><g fill=\"currentColor\" fill-rule=\"evenodd\" stroke=\"none\" stroke-width=\"1\"><path d=\"M25,0 C11.1928806,0 0,11.1928806 0,25 C0,38.8071194 11.1928806,50 25,50 C38.8071194,50 50,38.8071194 50,25 C50,11.1928806 38.8071194,0 25,0 Z M25,3 C12.8497349,3 3,12.8497349 3,25 C3,37.1502651 12.8497349,47 25,47 C37.1502651,47 47,37.1502651 47,25 C47,12.8497349 37.1502651,3 25,3 Z M37,31.9646738 L37,17 L28.262875,25.4642914 L37,31.9646738 Z M13,31.9646738 L21.7369375,25.4633812 L13,17 L13,31.9646738 Z M22.9140156,26.604743 L13,33 L37,33 L27.08575,26.604743 L25,28.625083 L22.9140156,26.604743 Z M13.72,17 L25,26.0581312 L36.28,17 L13.72,17 Z M13.72,17\"><\/path><\/g><\/svg><\/a><\/div><\/div>\n\n\n\n<p><\/p>\n\n\n\n<hr class=\"wp-block-separator has-alpha-channel-opacity cnvs-block-core-separator-1763586891770\"\/>\n\n\n\n<hr class=\"wp-block-separator has-alpha-channel-opacity\"\/>\n\n\n\n<h2 class=\"wp-block-heading has-text-align-center\" id=\"nos-activites-en-quelques-mots-cf2bc54c-c904-4c95-b352-b2a830353800\">Une passion commune : la photographie<\/h2>\n\n\n\n<h4 class=\"wp-block-heading\">Nos rencontres pr\u00e9sentiels, un lundi par mois<\/h4>\n\n\n\n<p>Les rencontres mensuelles permettent aux membres de d\u00e9velopper leurs connaissances gr\u00e2ce \u00e0 diff\u00e9rentes pr\u00e9sentations. Il peut s\u2019agir d\u2019un sujet technique, d\u2019une photo \u00e0 r\u00e9aliser selon un th\u00e8me d\u00e9fini, d\u2019une sortie photo ou encore d\u2019un intervenant externe.<\/p>\n\n\n\n<figure class=\"wp-block-gallery has-nested-images columns-default is-cropped wp-block-gallery-1 is-layout-flex wp-block-gallery-is-layout-flex\">\n<figure class=\"wp-block-image size-large\"><img loading=\"lazy\" decoding=\"async\" width=\"1500\" height=\"844\" data-id=\"7006\" src=\"https:\/\/www.photoclubgland.ch\/Wpress\/wp-content\/uploads\/2025\/10\/thierry.jpg\" alt=\"\" class=\"wp-image-7006\" srcset=\"https:\/\/www.photoclubgland.ch\/Wpress\/wp-content\/uploads\/2025\/10\/thierry.jpg 1500w, https:\/\/www.photoclubgland.ch\/Wpress\/wp-content\/uploads\/2025\/10\/thierry-300x169.jpg 300w, https:\/\/www.photoclubgland.ch\/Wpress\/wp-content\/uploads\/2025\/10\/thierry-768x432.jpg 768w, https:\/\/www.photoclubgland.ch\/Wpress\/wp-content\/uploads\/2025\/10\/thierry-1320x743.jpg 1320w\" sizes=\"auto, (max-width: 1500px) 100vw, 1500px\" \/><figcaption class=\"wp-element-caption\">Thierry Maingot<\/figcaption><\/figure>\n\n\n\n<figure class=\"wp-block-image size-large is-style-default\"><img loading=\"lazy\" decoding=\"async\" width=\"2000\" height=\"1212\" data-id=\"7003\" src=\"https:\/\/www.photoclubgland.ch\/Wpress\/wp-content\/uploads\/2025\/10\/Jacqueline.jpeg\" alt=\"\" class=\"wp-image-7003\" srcset=\"https:\/\/www.photoclubgland.ch\/Wpress\/wp-content\/uploads\/2025\/10\/Jacqueline.jpeg 2000w, https:\/\/www.photoclubgland.ch\/Wpress\/wp-content\/uploads\/2025\/10\/Jacqueline-300x182.jpeg 300w, https:\/\/www.photoclubgland.ch\/Wpress\/wp-content\/uploads\/2025\/10\/Jacqueline-768x465.jpeg 768w, https:\/\/www.photoclubgland.ch\/Wpress\/wp-content\/uploads\/2025\/10\/Jacqueline-1536x931.jpeg 1536w, https:\/\/www.photoclubgland.ch\/Wpress\/wp-content\/uploads\/2025\/10\/Jacqueline-1320x800.jpeg 1320w\" sizes=\"auto, (max-width: 2000px) 100vw, 2000px\" \/><figcaption class=\"wp-element-caption\">Jacqueline Perregaux<\/figcaption><\/figure>\n\n\n\n<figure class=\"wp-block-image size-large\"><img loading=\"lazy\" decoding=\"async\" width=\"1500\" height=\"885\" data-id=\"7001\" src=\"https:\/\/www.photoclubgland.ch\/Wpress\/wp-content\/uploads\/2025\/10\/Christelle.jpg\" alt=\"\" class=\"wp-image-7001\" srcset=\"https:\/\/www.photoclubgland.ch\/Wpress\/wp-content\/uploads\/2025\/10\/Christelle.jpg 1500w, https:\/\/www.photoclubgland.ch\/Wpress\/wp-content\/uploads\/2025\/10\/Christelle-300x177.jpg 300w, https:\/\/www.photoclubgland.ch\/Wpress\/wp-content\/uploads\/2025\/10\/Christelle-768x453.jpg 768w, https:\/\/www.photoclubgland.ch\/Wpress\/wp-content\/uploads\/2025\/10\/Christelle-1320x779.jpg 1320w\" sizes=\"auto, (max-width: 1500px) 100vw, 1500px\" \/><figcaption class=\"wp-element-caption\">Christelle Pythoud<\/figcaption><\/figure>\n\n\n\n<figure class=\"wp-block-image size-large\"><img loading=\"lazy\" decoding=\"async\" width=\"2000\" height=\"1601\" data-id=\"7000\" src=\"https:\/\/www.photoclubgland.ch\/Wpress\/wp-content\/uploads\/2025\/10\/Esther.jpg\" alt=\"\" class=\"wp-image-7000\" srcset=\"https:\/\/www.photoclubgland.ch\/Wpress\/wp-content\/uploads\/2025\/10\/Esther.jpg 2000w, https:\/\/www.photoclubgland.ch\/Wpress\/wp-content\/uploads\/2025\/10\/Esther-300x240.jpg 300w, https:\/\/www.photoclubgland.ch\/Wpress\/wp-content\/uploads\/2025\/10\/Esther-768x615.jpg 768w, https:\/\/www.photoclubgland.ch\/Wpress\/wp-content\/uploads\/2025\/10\/Esther-1536x1230.jpg 1536w, https:\/\/www.photoclubgland.ch\/Wpress\/wp-content\/uploads\/2025\/10\/Esther-1320x1057.jpg 1320w\" sizes=\"auto, (max-width: 2000px) 100vw, 2000px\" \/><figcaption class=\"wp-element-caption\">Esther Mahmoudi<\/figcaption><\/figure>\n\n\n\n<figure class=\"wp-block-image size-large\"><img loading=\"lazy\" decoding=\"async\" width=\"2000\" height=\"1333\" data-id=\"6999\" src=\"https:\/\/www.photoclubgland.ch\/Wpress\/wp-content\/uploads\/2025\/10\/Daniel.jpg\" alt=\"\" class=\"wp-image-6999\" srcset=\"https:\/\/www.photoclubgland.ch\/Wpress\/wp-content\/uploads\/2025\/10\/Daniel.jpg 2000w, https:\/\/www.photoclubgland.ch\/Wpress\/wp-content\/uploads\/2025\/10\/Daniel-300x200.jpg 300w, https:\/\/www.photoclubgland.ch\/Wpress\/wp-content\/uploads\/2025\/10\/Daniel-768x512.jpg 768w, https:\/\/www.photoclubgland.ch\/Wpress\/wp-content\/uploads\/2025\/10\/Daniel-600x400.jpg 600w, https:\/\/www.photoclubgland.ch\/Wpress\/wp-content\/uploads\/2025\/10\/Daniel-1536x1024.jpg 1536w, https:\/\/www.photoclubgland.ch\/Wpress\/wp-content\/uploads\/2025\/10\/Daniel-1320x880.jpg 1320w\" sizes=\"auto, (max-width: 2000px) 100vw, 2000px\" \/><figcaption class=\"wp-element-caption\">Daniel Calabrese<\/figcaption><\/figure>\n\n\n\n<figure class=\"wp-block-image size-large\"><img loading=\"lazy\" decoding=\"async\" width=\"2000\" height=\"1332\" data-id=\"6998\" src=\"https:\/\/www.photoclubgland.ch\/Wpress\/wp-content\/uploads\/2025\/10\/Casson.jpg\" alt=\"\" class=\"wp-image-6998\" srcset=\"https:\/\/www.photoclubgland.ch\/Wpress\/wp-content\/uploads\/2025\/10\/Casson.jpg 2000w, https:\/\/www.photoclubgland.ch\/Wpress\/wp-content\/uploads\/2025\/10\/Casson-300x200.jpg 300w, https:\/\/www.photoclubgland.ch\/Wpress\/wp-content\/uploads\/2025\/10\/Casson-768x511.jpg 768w, https:\/\/www.photoclubgland.ch\/Wpress\/wp-content\/uploads\/2025\/10\/Casson-600x400.jpg 600w, https:\/\/www.photoclubgland.ch\/Wpress\/wp-content\/uploads\/2025\/10\/Casson-1536x1023.jpg 1536w, https:\/\/www.photoclubgland.ch\/Wpress\/wp-content\/uploads\/2025\/10\/Casson-1320x879.jpg 1320w\" sizes=\"auto, (max-width: 2000px) 100vw, 2000px\" \/><figcaption class=\"wp-element-caption\">Waltraud Casson<\/figcaption><\/figure>\n<\/figure>\n\n\n\n<div class=\"wp-block-advgb-button aligncenter\"><a class=\"wp-block-advgb-button_link advgbbtn-5396cd44-9f2a-4722-9b37-06b2eaa7aa6a\" href=\"https:\/\/www.photoclubgland.ch\/Wpress\/themes-2025\/\" target=\"_blank\" rel=\"noopener noreferrer\"><span>Voir notre galerie &#8220;Th\u00e8mes photos&#8221;<\/span><\/a><\/div>\n\n\n\n<div style=\"height:100px\" aria-hidden=\"true\" class=\"wp-block-spacer\"><\/div>\n\n\n\n<h3 class=\"wp-block-heading\">Participation \u00e0 des \u00e9v\u00e9nements<\/h3>\n\n\n\n<p>Le Photo Club Gland participe r\u00e9guli\u00e8rement \u00e0 diff\u00e9rents \u00e9v\u00e9nements et expositions.<\/p>\n\n\n\n<p><strong>Quelques exemples de participations:<\/strong><\/p>\n\n\n\n<ul class=\"wp-block-list\">\n<li>Concours M\u00fcnsingen<\/li>\n\n\n\n<li>Fl\u00fbte Festival<\/li>\n\n\n\n<li>FOLG &#8211; Festival Ombre Lumi\u00e8re Gland<\/li>\n\n\n\n<li>Rallye Romand de la Photographie<\/li>\n\n\n\n<li>Concours PHOTOSUISSE<\/li>\n\n\n\n<li>Cantonale de Givrins<\/li>\n<\/ul>\n\n\n\n<figure class=\"wp-block-image size-full\"><img loading=\"lazy\" decoding=\"async\" width=\"1500\" height=\"729\" src=\"https:\/\/www.photoclubgland.ch\/Wpress\/wp-content\/uploads\/2025\/10\/Ambiance-9.jpg\" alt=\"\" class=\"wp-image-7010\" srcset=\"https:\/\/www.photoclubgland.ch\/Wpress\/wp-content\/uploads\/2025\/10\/Ambiance-9.jpg 1500w, https:\/\/www.photoclubgland.ch\/Wpress\/wp-content\/uploads\/2025\/10\/Ambiance-9-300x146.jpg 300w, https:\/\/www.photoclubgland.ch\/Wpress\/wp-content\/uploads\/2025\/10\/Ambiance-9-768x373.jpg 768w, https:\/\/www.photoclubgland.ch\/Wpress\/wp-content\/uploads\/2025\/10\/Ambiance-9-1320x642.jpg 1320w\" sizes=\"auto, (max-width: 1500px) 100vw, 1500px\" \/><\/figure>\n\n\n\n<div class=\"wp-block-advgb-button aligncenter\"><a class=\"wp-block-advgb-button_link advgbbtn-294d3a53-3999-4315-9c45-5c5a8df9cfdb\" href=\"https:\/\/www.photoclubgland.ch\/Wpress\/evenements\/\" target=\"_blank\" rel=\"noopener noreferrer\"><span>Voir nos participations aux \u00e9v\u00e9nements<\/span><\/a><\/div>\n\n\n\n<div style=\"height:100px\" aria-hidden=\"true\" class=\"wp-block-spacer\"><\/div>\n\n\n\n<h3 class=\"wp-block-heading\">Des d\u00e9fis r\u00e9guliers en visio<\/h3>\n\n\n\n<p>Les membres re\u00e7oivent une fiche explicative avec un th\u00e8me pr\u00e9cis ou une technique<br>photographique. Ils ont ainsi 1-3 semaines pour r\u00e9aliser leur photo qui sera ensuite analys\u00e9e lors d\u2019une rencontre Teams. Cette activit\u00e9, facultative, est ludique et permet de sortir de sa zone de confort en am\u00e9liorant son savoir-faire et ses capacit\u00e9s d\u2019observation.<\/p>\n\n\n\n<figure class=\"wp-block-gallery has-nested-images columns-default is-cropped wp-block-gallery-2 is-layout-flex wp-block-gallery-is-layout-flex\">\n<figure class=\"wp-block-image size-large\"><img loading=\"lazy\" decoding=\"async\" width=\"2000\" height=\"1425\" data-id=\"7019\" src=\"https:\/\/www.photoclubgland.ch\/Wpress\/wp-content\/uploads\/2025\/10\/Andreas.png\" alt=\"\" class=\"wp-image-7019\" srcset=\"https:\/\/www.photoclubgland.ch\/Wpress\/wp-content\/uploads\/2025\/10\/Andreas.png 2000w, https:\/\/www.photoclubgland.ch\/Wpress\/wp-content\/uploads\/2025\/10\/Andreas-300x214.png 300w, https:\/\/www.photoclubgland.ch\/Wpress\/wp-content\/uploads\/2025\/10\/Andreas-768x547.png 768w, https:\/\/www.photoclubgland.ch\/Wpress\/wp-content\/uploads\/2025\/10\/Andreas-1536x1094.png 1536w, https:\/\/www.photoclubgland.ch\/Wpress\/wp-content\/uploads\/2025\/10\/Andreas-1320x941.png 1320w\" sizes=\"auto, (max-width: 2000px) 100vw, 2000px\" \/><figcaption class=\"wp-element-caption\">Andreas Herrmann<\/figcaption><\/figure>\n\n\n\n<figure class=\"wp-block-image size-large\"><img loading=\"lazy\" decoding=\"async\" width=\"1655\" height=\"1608\" data-id=\"7015\" src=\"https:\/\/www.photoclubgland.ch\/Wpress\/wp-content\/uploads\/2025\/10\/Marc.png\" alt=\"\" class=\"wp-image-7015\" srcset=\"https:\/\/www.photoclubgland.ch\/Wpress\/wp-content\/uploads\/2025\/10\/Marc.png 1655w, https:\/\/www.photoclubgland.ch\/Wpress\/wp-content\/uploads\/2025\/10\/Marc-300x291.png 300w, https:\/\/www.photoclubgland.ch\/Wpress\/wp-content\/uploads\/2025\/10\/Marc-768x746.png 768w, https:\/\/www.photoclubgland.ch\/Wpress\/wp-content\/uploads\/2025\/10\/Marc-1536x1492.png 1536w, https:\/\/www.photoclubgland.ch\/Wpress\/wp-content\/uploads\/2025\/10\/Marc-1320x1283.png 1320w\" sizes=\"auto, (max-width: 1655px) 100vw, 1655px\" \/><figcaption class=\"wp-element-caption\">Marc Vouillamoz<\/figcaption><\/figure>\n\n\n\n<figure class=\"wp-block-image size-large\"><img loading=\"lazy\" decoding=\"async\" width=\"1332\" height=\"1602\" data-id=\"7016\" src=\"https:\/\/www.photoclubgland.ch\/Wpress\/wp-content\/uploads\/2025\/10\/Patrick.png\" alt=\"\" class=\"wp-image-7016\" srcset=\"https:\/\/www.photoclubgland.ch\/Wpress\/wp-content\/uploads\/2025\/10\/Patrick.png 1332w, https:\/\/www.photoclubgland.ch\/Wpress\/wp-content\/uploads\/2025\/10\/Patrick-249x300.png 249w, https:\/\/www.photoclubgland.ch\/Wpress\/wp-content\/uploads\/2025\/10\/Patrick-768x924.png 768w, https:\/\/www.photoclubgland.ch\/Wpress\/wp-content\/uploads\/2025\/10\/Patrick-1277x1536.png 1277w, https:\/\/www.photoclubgland.ch\/Wpress\/wp-content\/uploads\/2025\/10\/Patrick-1320x1588.png 1320w\" sizes=\"auto, (max-width: 1332px) 100vw, 1332px\" \/><figcaption class=\"wp-element-caption\">Patrick Schneiter<\/figcaption><\/figure>\n<\/figure>\n\n\n\n<div class=\"wp-block-advgb-button aligncenter\"><a class=\"wp-block-advgb-button_link advgbbtn-f00e82c3-1492-48b1-948f-58f141c2627f\" href=\"https:\/\/www.photoclubgland.ch\/Wpress\/les-defis\/\" target=\"_blank\" rel=\"noopener noreferrer\"><span>Voir notre galerie &#8220;D\u00e9fis photos&#8221;<\/span><\/a><\/div>\n\n\n\n<div style=\"height:100px\" aria-hidden=\"true\" class=\"wp-block-spacer\"><\/div>\n\n\n\n<div class=\"wp-block-advgb-button aligncenter\"><a class=\"wp-block-advgb-button_link advgbbtn-c22943b1-96ea-4c4b-ab8c-54ddde4265f9\" href=\"https:\/\/www.photoclubgland.ch\/Wpress\/historique\/\" target=\"_blank\" rel=\"noopener noreferrer\"><span>\ud83d\udcf8 D\u00e9couvrir toutes nos activit\u00e9s<\/span><\/a><\/div>\n\n\n\n<p><\/p>\n\n\n\n<p><\/p>\n\n\n\n<p><\/p>\n<style class=\"advgb-styles-renderer\">.advgbbtn-d32d2bd9-38e5-4264-8825-d748319db617{font-size:18px;color:#fff !important;background-color:#46b92b !important;margin:0px 0px 0px 0px !important;padding:10px 30px 10px 30px;border-width:1px !important;border-style:none;border-radius:50px !important;}.advgbbtn-d32d2bd9-38e5-4264-8825-d748319db617:hover{box-shadow:1px 1px 12px 0px #ccc;opacity:1;transition:all 0.2s ease;}.advgbbtn-d32d2bd9-38e5-4264-8825-d748319db617 > i {display: none !important;}.advgbbtn-5396cd44-9f2a-4722-9b37-06b2eaa7aa6a{font-size:18px;color:#fff !important;background-color:#46b92b !important;margin:0px 0px 0px 0px !important;padding:10px 30px 10px 30px;border-width:1px !important;border-style:none;border-radius:50px !important;}.advgbbtn-5396cd44-9f2a-4722-9b37-06b2eaa7aa6a:hover{box-shadow:1px 1px 12px 0px #ccc;opacity:1;transition:all 0.2s ease;}.advgbbtn-5396cd44-9f2a-4722-9b37-06b2eaa7aa6a > i {display: none !important;}.advgbbtn-294d3a53-3999-4315-9c45-5c5a8df9cfdb{font-size:18px;color:#fff !important;background-color:#46b92b !important;margin:0px 0px 0px 0px !important;padding:10px 30px 10px 30px;border-width:1px !important;border-style:none;border-radius:50px !important;}.advgbbtn-294d3a53-3999-4315-9c45-5c5a8df9cfdb:hover{box-shadow:1px 1px 12px 0px #ccc;opacity:1;transition:all 0.2s ease;}.advgbbtn-294d3a53-3999-4315-9c45-5c5a8df9cfdb > i {display: none !important;}.advgbbtn-f00e82c3-1492-48b1-948f-58f141c2627f{font-size:18px;color:#fff !important;background-color:#46b92b !important;margin:0px 0px 0px 0px !important;padding:10px 30px 10px 30px;border-width:1px !important;border-style:none;border-radius:50px !important;}.advgbbtn-f00e82c3-1492-48b1-948f-58f141c2627f:hover{box-shadow:1px 1px 12px 0px #ccc;opacity:1;transition:all 0.2s ease;}.advgbbtn-f00e82c3-1492-48b1-948f-58f141c2627f > i {display: none !important;}.advgbbtn-c22943b1-96ea-4c4b-ab8c-54ddde4265f9{font-size:18px;color:#fff !important;background-color:#46b92b !important;margin:0px 0px 0px 0px !important;padding:10px 30px 10px 30px;border-width:1px !important;border-style:none;border-radius:50px !important;}.advgbbtn-c22943b1-96ea-4c4b-ab8c-54ddde4265f9:hover{box-shadow:1px 1px 12px 0px #ccc;opacity:1;transition:all 0.2s ease;}.advgbbtn-c22943b1-96ea-4c4b-ab8c-54ddde4265f9 > i {display: none !important;}<\/style>","protected":false},"excerpt":{"rendered":"<p>Bienvenue sur le site du Photo Club Gland Le club est cr\u00e9\u00e9 en 2006, pourtant, son histoire a commenc\u00e9 dix ans plus t\u00f4t. En 1996, trois amis Glandois et photographes <a class=\"more-link\" href=\"https:\/\/www.photoclubgland.ch\/Wpress\/\">Continuer la lecture<span class=\"screen-reader-text\">Accueil<\/span><span class=\"meta-nav\">&rarr;<\/span><\/a><\/p>\n","protected":false},"author":32,"featured_media":7,"parent":0,"menu_order":0,"comment_status":"closed","ping_status":"closed","template":"","meta":{"advgb_blocks_editor_width":"","advgb_blocks_columns_visual_guide":"","ngg_post_thumbnail":0,"footnotes":""},"class_list":["post-6995","page","type-page","status-publish","has-post-thumbnail","hentry"],"coauthors":[],"author_meta":{"author_link":"https:\/\/www.photoclubgland.ch\/Wpress\/author\/poulpie\/","display_name":"Virginie"},"relative_dates":{"created":"Publi\u00e9 6 mois il y a","modified":"Mis \u00e0 jour 3 mois il y a"},"absolute_dates":{"created":"Publi\u00e9 le 27 octobre, 2025","modified":"Mise \u00e0 jour le 16 f\u00e9vrier, 2026"},"absolute_dates_time":{"created":"Publi\u00e9 le 27 octobre, 2025 17h00","modified":"Mise \u00e0 jour le 16 f\u00e9vrier, 2026 9h43"},"featured_img_caption":"","featured_img":"https:\/\/www.photoclubgland.ch\/Wpress\/wp-content\/uploads\/2023\/03\/Logo-Photo-Club-Gland-Centre-jpg.jpg","series_order":"","_links":{"self":[{"href":"https:\/\/www.photoclubgland.ch\/Wpress\/wp-json\/wp\/v2\/pages\/6995","targetHints":{"allow":["GET"]}}],"collection":[{"href":"https:\/\/www.photoclubgland.ch\/Wpress\/wp-json\/wp\/v2\/pages"}],"about":[{"href":"https:\/\/www.photoclubgland.ch\/Wpress\/wp-json\/wp\/v2\/types\/page"}],"author":[{"embeddable":true,"href":"https:\/\/www.photoclubgland.ch\/Wpress\/wp-json\/wp\/v2\/users\/32"}],"replies":[{"embeddable":true,"href":"https:\/\/www.photoclubgland.ch\/Wpress\/wp-json\/wp\/v2\/comments?post=6995"}],"version-history":[{"count":40,"href":"https:\/\/www.photoclubgland.ch\/Wpress\/wp-json\/wp\/v2\/pages\/6995\/revisions"}],"predecessor-version":[{"id":7530,"href":"https:\/\/www.photoclubgland.ch\/Wpress\/wp-json\/wp\/v2\/pages\/6995\/revisions\/7530"}],"wp:featuredmedia":[{"embeddable":true,"href":"https:\/\/www.photoclubgland.ch\/Wpress\/wp-json\/wp\/v2\/media\/7"}],"wp:attachment":[{"href":"https:\/\/www.photoclubgland.ch\/Wpress\/wp-json\/wp\/v2\/media?parent=6995"}],"curies":[{"name":"wp","href":"https:\/\/api.w.org\/{rel}","templated":true}]}}