{"id":7182,"date":"2025-11-30T12:36:02","date_gmt":"2025-11-30T11:36:02","guid":{"rendered":"https:\/\/www.photoclubgland.ch\/Wpress\/?page_id=7182"},"modified":"2026-03-10T14:04:10","modified_gmt":"2026-03-10T13:04:10","slug":"exposition-annuelle-2026","status":"publish","type":"page","link":"https:\/\/www.photoclubgland.ch\/Wpress\/exposition-annuelle-2026\/","title":{"rendered":"29\u00e8me expo photo annuelle"},"content":{"rendered":"\n<h2 class=\"wp-block-heading\" id=\"expo-2026-street-photography-bf6de906-773e-42e1-a510-16c16fbffec4\">Expo photo annuelle 2026 | Street Photography<\/h2>\n\n\n\n<p class=\"has-text-align-center\">\ud83d\udcf8 <strong>Sc\u00e8nes de rue &#8211; 29\u00e8me exposition photo annuelle du Photo Club Gland<\/strong><\/p>\n\n\n\n<div class=\"wp-block-columns is-layout-flex wp-container-core-columns-is-layout-9d6595d7 wp-block-columns-is-layout-flex\">\n<div class=\"wp-block-column is-layout-flow wp-block-column-is-layout-flow\">\n<figure class=\"wp-block-image size-full\"><img loading=\"lazy\" decoding=\"async\" width=\"1414\" height=\"2000\" src=\"https:\/\/www.photoclubgland.ch\/Wpress\/wp-content\/uploads\/2025\/11\/Affiche-expo-PCG-2026-Street-Photography.jpg\" alt=\"29\u00e8me expo photo annuelle du Photo Club Gland - Street Photography avec comme invit\u00e9 d'honneur Nadir Mokdad\" class=\"wp-image-7183\" srcset=\"https:\/\/www.photoclubgland.ch\/Wpress\/wp-content\/uploads\/2025\/11\/Affiche-expo-PCG-2026-Street-Photography.jpg 1414w, https:\/\/www.photoclubgland.ch\/Wpress\/wp-content\/uploads\/2025\/11\/Affiche-expo-PCG-2026-Street-Photography-212x300.jpg 212w, https:\/\/www.photoclubgland.ch\/Wpress\/wp-content\/uploads\/2025\/11\/Affiche-expo-PCG-2026-Street-Photography-768x1086.jpg 768w, https:\/\/www.photoclubgland.ch\/Wpress\/wp-content\/uploads\/2025\/11\/Affiche-expo-PCG-2026-Street-Photography-1086x1536.jpg 1086w, https:\/\/www.photoclubgland.ch\/Wpress\/wp-content\/uploads\/2025\/11\/Affiche-expo-PCG-2026-Street-Photography-1320x1867.jpg 1320w\" sizes=\"auto, (max-width: 1414px) 100vw, 1414px\" \/><\/figure>\n\n\n\n<div class=\"wp-block-advgb-button aligncenter\"><a class=\"wp-block-advgb-button_link advgbbtn-d030232d-8f42-4455-bd99-d825346ce83f\" href=\"https:\/\/www.photoclubgland.ch\/Wpress\/wp-content\/uploads\/2026\/02\/Affiche-2026-STREET-PHOTOGRAPHY.pdf\" target=\"_blank\" rel=\"noopener noreferrer\"><span>T\u00e9l\u00e9charger l&#8217;affiche<\/span><\/a><\/div>\n<\/div>\n\n\n\n<div class=\"wp-block-column is-layout-flow wp-block-column-is-layout-flow\">\n<p><strong>Du 14 au 22 mars 2026, le Photo Club Gland organise sa 29\u00e8me exposition annuelle.<\/strong><\/p>\n\n\n\n<p>Cette \u00e9dition met \u00e0 l\u2019honneur la photographie de rue, un genre qui capte l\u2019instant, r\u00e9v\u00e8le l\u2019authenticit\u00e9 du quotidien et donne \u00e0 voir la ville sous un angle in\u00e9dit.<\/p>\n\n\n\n<p>\u00c0 travers les regards de nos membres et avec les conseils inspirants du photographe professionnel et invit\u00e9 d\u2019honneur Nadir Mokdad, l\u2019exposition explore les sc\u00e8nes du quotidien, les visages anonymes et les ambiances urbaines qui composent la richesse de nos environnements et racontent des histoires sans mots. La rue s\u2019offre comme un th\u00e9\u00e2tre sans rideau, o\u00f9 le photographe devient po\u00e8te du r\u00e9el.<\/p>\n\n\n\n<p>Une occasion unique de d\u00e9couvrir la ville autrement, de fl\u00e2ner entre les images. Laissez-vous surprendre par l\u2019instant et red\u00e9couvrez la beaut\u00e9 fugace de nos rues.<\/p>\n\n\n\n<div class=\"wp-block-advgb-button aligncenter\"><a class=\"wp-block-advgb-button_link advgbbtn-bac87ac2-4ea8-4464-9a8d-04ccbc70d6d4\" href=\"https:\/\/www.photoclubgland.ch\/Wpress\/wp-content\/uploads\/2026\/02\/Article-GlandCite-2026.pdf\" target=\"_blank\" rel=\"noopener noreferrer\"><span>Lire l&#8217;article du Gland Cit\u00e9<\/span><\/a><\/div>\n<\/div>\n<\/div>\n\n\n\n<div style=\"height:59px\" aria-hidden=\"true\" class=\"wp-block-spacer\"><\/div>\n\n\n\n<h2 class=\"wp-block-heading\" id=\"-a-decouvrir-c9d3516a-7562-4c6c-9d2d-9c58860d2757\">\u2728 \u00c0 d\u00e9couvrir<\/h2>\n\n\n\n<ul class=\"wp-block-list\">\n<li>Les \u0153uvres sensibles et vibrantes des membres du Photo Club Gland<\/li>\n\n\n\n<li>Un espace d\u00e9di\u00e9 \u00e0 notre photographe invit\u00e9 d\u2019honneur, Nadir Mokdad <em>(lien \u00e0 venir)<\/em><\/li>\n\n\n\n<li>Une exposition \u00ab&nbsp;Hors Murs&nbsp;\u00bb sur le th\u00e8me&nbsp; \u00ab&nbsp; Tra\u00een\u00e9es dans la nuit&nbsp;\u00bb<\/li>\n\n\n\n<li>La participation du Club au concours \u201cPhoto M\u00fcnsingen\u201d<\/li>\n\n\n\n<li>Les photos des membres s\u00e9lectionn\u00e9es au concours \u201cPHOTOSUISSE\u201d<\/li>\n\n\n\n<li>Les images du concours photo du public \u00ab&nbsp;Ombre(s)&nbsp;\u00bb, r\u00e9v\u00e9lant des talents locaux<\/li>\n\n\n\n<li>Les meilleures photos de nos membres concernant l&#8217;\u00e9v\u00e9nement <a href=\"https:\/\/www.photoclubgland.ch\/Wpress\/expo-folg\/\" data-type=\"page\" data-id=\"7293\">FOLG 2025<\/a><\/li>\n<\/ul>\n\n\n\n<div style=\"height:50px\" aria-hidden=\"true\" class=\"wp-block-spacer\"><\/div>\n\n\n\n<h2 class=\"wp-block-heading\" id=\"informations-pratiques-32583148-f6c1-401b-966a-5f02ed664512\">\u2728 Informations pratiques<\/h2>\n\n\n\n<p>\ud83c\udf9f\ufe0f <strong>Entr\u00e9e libre<\/strong><br>\ud83d\uddbc\ufe0f <strong>Vernissage\u00a0:<\/strong> vendredi 13 mars 2026 \u2013 19h<br>\ud83d\udcc5 <strong>Dates :<\/strong> du 14 au 22 mars 2026<br>\ud83d\udd50<strong> Horaire : <\/strong>14h \u00e0 19h | Ferm\u00e9 le lundi et le mardi<br>\ud83d\udccd <strong>Adresse :<\/strong><br>Complexe de Grand-Champ<br>Salle des Colonnes au 2\u00e8me \u00e9tage<br>Chemin de la Serine 1 &#8211; 1196 Gland<\/p>\n\n\n\n<div style=\"height:50px\" aria-hidden=\"true\" class=\"wp-block-spacer\"><\/div>\n\n\n\n<h2 class=\"wp-block-heading\">\u2728 Nouveau ! Visite guid\u00e9e<\/h2>\n\n\n\n<p>\ud83c\udf9f\ufe0f <strong>Gratuit<\/strong><br>\ud83d\udcc5 <strong>Samedi 14 mars :<\/strong> de 15h \u00e0 16h<br>\ud83d\udcc5 <strong>Dimanche 22 mars :<\/strong> de 15h30 \u00e0 16h30<br><br>D\u00e9couvrez l&#8217;expo plus en d\u00e9tails avec notre membre Daniel Calabrese qui vous pr\u00e9sentera les diff\u00e9rents espaces de notre exposition annuelle et r\u00e9pondra \u00e0 toutes vos questions.<\/p>\n\n\n\n<div style=\"height:50px\" aria-hidden=\"true\" class=\"wp-block-spacer\"><\/div>\n\n\n\n<h2 class=\"wp-block-heading\" id=\"-nadir-mokdad-conference-gratuite-0c14b1f0-ba11-41fe-b585-ea9ed9938c52\">\ud83c\udfa4 Nadir Mokdad | <strong>Conf\u00e9rence gratuite<\/strong><\/h2>\n\n\n\n<p><strong>Conf\u00e9rence gratuite suivie d&#8217;un ap\u00e9ro<br><\/strong>Sa conf\u00e9rence sera l\u2019occasion d\u2019explorer sa vision photographique : il pr\u00e9sentera son parcours, exposera sa m\u00e9thode de travail et partagera ses projets ainsi que ses exp\u00e9riences professionnelles.<\/p>\n\n\n\n<p>\ud83d\udcc5 <strong>Date :<\/strong> Dimanche 22 mars 2026&nbsp;<br>\ud83d\udd50<strong> Horaire : <\/strong>17h \u00e0 19h00<br><strong>\ud83c\udf9f\ufe0f <strong>Gratuite &#8211; Inscription obligatoire<\/strong><\/strong><br>Inscription obligatoire en cliquant sur le bouton ci-dessous ou par mail*<br><em>*seulement si vous n&#8217;arrivez pas \u00e0 vous inscrire sur la billetterie &#8211;&nbsp;avec votre nom, pr\u00e9nom, nombre de billets \u00e0 l\u2019adresse&nbsp;<a href=\"mailto:comexpo@photoclubgland.ch?subject=Inscription%20%C3%A0%20la%20conf%C3%A9rence&amp;body=Bonjour%2C%0A%0AJe%20souhaite%20m%27inscrire%20%C3%A0%20la%20conf%C3%A9rence%20de%20Nadir%20Mokdad.%0A%0ANom%20%3A%20%0APr%C3%A9nom%20%3A%0ANombre%20de%20billets%20%3A%0A%0AAvec%20mes%20meilleures%20salutations\" target=\"_blank\" rel=\"noreferrer noopener\">comexpo@photoclubgland.ch<\/a>&nbsp;<\/em><\/p>\n\n\n<p><script src=\"https:\/\/embed.eventfrog.ch\/api\/scripts\/embed\/buybutton.js\"><\/script><iframe loading=\"lazy\" src=\"https:\/\/embed.eventfrog.ch\/fr\/embed\/button-buy.html?eventId=7424890473746056930\" frameborder=\"0\" scrolling=\"no\" width=\"260\" height=\"47\"><\/iframe><\/p>\n\n\n<p><script src=\"https:\/\/embed.eventfrog.ch\/api\/scripts\/embed\/event.js\"><\/script><iframe loading=\"lazy\" width=\"100%\" height=\"820\" src=\"https:\/\/embed.eventfrog.ch\/fr\/p\/visites-conferences\/conference\/nadir-mokdad-conference-gratuite-7424890473746056930.html?color=60BF00&#038;infobox=1&#038;description=0&#038;location=0&#038;organisator=0&#038;sponsors=0\"><\/iframe><\/p>\n\n\n\n<p><\/p>\n<style class=\"advgb-styles-renderer\">.advgbbtn-d030232d-8f42-4455-bd99-d825346ce83f{font-size:18px;color:#fff !important;background-color:#1ab33b !important;margin:0px 0px 0px 0px !important;padding:10px 30px 10px 30px;border-width:1px !important;border-style:none;border-radius:50px !important;}.advgbbtn-d030232d-8f42-4455-bd99-d825346ce83f:hover{box-shadow:1px 1px 12px 0px #ccc;opacity:1;transition:all 0.2s ease;}.advgbbtn-d030232d-8f42-4455-bd99-d825346ce83f > i {display: none !important;}.advgbbtn-d030232d-8f42-4455-bd99-d825346ce83f{font-size:18px;color:#fff !important;background-color:#1ab33b !important;margin:0px 0px 0px 0px !important;padding:10px 30px 10px 30px;border-width:1px !important;border-style:none;border-radius:50px !important;}.advgbbtn-d030232d-8f42-4455-bd99-d825346ce83f:hover{box-shadow:1px 1px 12px 0px #ccc;opacity:1;transition:all 0.2s ease;}.advgbbtn-d030232d-8f42-4455-bd99-d825346ce83f > i {display: none !important;}.advgbbtn-bac87ac2-4ea8-4464-9a8d-04ccbc70d6d4{font-size:18px;color:#fff !important;background-color:#1ab33b !important;margin:0px 0px 0px 0px !important;padding:10px 30px 10px 30px;border-width:1px !important;border-style:none;border-radius:50px !important;}.advgbbtn-bac87ac2-4ea8-4464-9a8d-04ccbc70d6d4:hover{box-shadow:1px 1px 12px 0px #ccc;opacity:1;transition:all 0.2s ease;}.advgbbtn-bac87ac2-4ea8-4464-9a8d-04ccbc70d6d4 > i {display: none !important;}.advgbbtn-bac87ac2-4ea8-4464-9a8d-04ccbc70d6d4{font-size:18px;color:#fff !important;background-color:#1ab33b !important;margin:0px 0px 0px 0px !important;padding:10px 30px 10px 30px;border-width:1px !important;border-style:none;border-radius:50px !important;}.advgbbtn-bac87ac2-4ea8-4464-9a8d-04ccbc70d6d4:hover{box-shadow:1px 1px 12px 0px #ccc;opacity:1;transition:all 0.2s ease;}.advgbbtn-bac87ac2-4ea8-4464-9a8d-04ccbc70d6d4 > i {display: none !important;}.advgbbtn-d030232d-8f42-4455-bd99-d825346ce83f{font-size:18px;color:#fff !important;background-color:#1ab33b !important;margin:0px 0px 0px 0px !important;padding:10px 30px 10px 30px;border-width:1px !important;border-style:none;border-radius:50px !important;}.advgbbtn-d030232d-8f42-4455-bd99-d825346ce83f:hover{box-shadow:1px 1px 12px 0px #ccc;opacity:1;transition:all 0.2s ease;}.advgbbtn-d030232d-8f42-4455-bd99-d825346ce83f > i {display: none !important;}.advgbbtn-bac87ac2-4ea8-4464-9a8d-04ccbc70d6d4{font-size:18px;color:#fff !important;background-color:#1ab33b !important;margin:0px 0px 0px 0px !important;padding:10px 30px 10px 30px;border-width:1px !important;border-style:none;border-radius:50px !important;}.advgbbtn-bac87ac2-4ea8-4464-9a8d-04ccbc70d6d4:hover{box-shadow:1px 1px 12px 0px #ccc;opacity:1;transition:all 0.2s ease;}.advgbbtn-bac87ac2-4ea8-4464-9a8d-04ccbc70d6d4 > i {display: none !important;}<\/style>","protected":false},"excerpt":{"rendered":"<p>Expo photo annuelle 2026 | Street Photography \ud83d\udcf8 Sc\u00e8nes de rue &#8211; 29\u00e8me exposition photo annuelle du Photo Club Gland Du 14 au 22 mars 2026, le Photo Club Gland <a class=\"more-link\" href=\"https:\/\/www.photoclubgland.ch\/Wpress\/exposition-annuelle-2026\/\">Continuer la lecture<span class=\"screen-reader-text\">29\u00e8me expo photo annuelle<\/span><span class=\"meta-nav\">&rarr;<\/span><\/a><\/p>\n","protected":false},"author":32,"featured_media":7183,"parent":0,"menu_order":0,"comment_status":"closed","ping_status":"closed","template":"","meta":{"advgb_blocks_editor_width":"","advgb_blocks_columns_visual_guide":"","ngg_post_thumbnail":0,"footnotes":""},"class_list":["post-7182","page","type-page","status-publish","has-post-thumbnail","hentry"],"coauthors":[],"author_meta":{"author_link":"https:\/\/www.photoclubgland.ch\/Wpress\/author\/poulpie\/","display_name":"Virginie"},"relative_dates":{"created":"Publi\u00e9 5 mois il y a","modified":"Mis \u00e0 jour 1 mois il y a"},"absolute_dates":{"created":"Publi\u00e9 le 30 novembre, 2025","modified":"Mise \u00e0 jour le 10 mars, 2026"},"absolute_dates_time":{"created":"Publi\u00e9 le 30 novembre, 2025 12h36","modified":"Mise \u00e0 jour le 10 mars, 2026 14h04"},"featured_img_caption":"","featured_img":"https:\/\/www.photoclubgland.ch\/Wpress\/wp-content\/uploads\/2025\/11\/Affiche-expo-PCG-2026-Street-Photography.jpg","series_order":"","_links":{"self":[{"href":"https:\/\/www.photoclubgland.ch\/Wpress\/wp-json\/wp\/v2\/pages\/7182","targetHints":{"allow":["GET"]}}],"collection":[{"href":"https:\/\/www.photoclubgland.ch\/Wpress\/wp-json\/wp\/v2\/pages"}],"about":[{"href":"https:\/\/www.photoclubgland.ch\/Wpress\/wp-json\/wp\/v2\/types\/page"}],"author":[{"embeddable":true,"href":"https:\/\/www.photoclubgland.ch\/Wpress\/wp-json\/wp\/v2\/users\/32"}],"replies":[{"embeddable":true,"href":"https:\/\/www.photoclubgland.ch\/Wpress\/wp-json\/wp\/v2\/comments?post=7182"}],"version-history":[{"count":37,"href":"https:\/\/www.photoclubgland.ch\/Wpress\/wp-json\/wp\/v2\/pages\/7182\/revisions"}],"predecessor-version":[{"id":7538,"href":"https:\/\/www.photoclubgland.ch\/Wpress\/wp-json\/wp\/v2\/pages\/7182\/revisions\/7538"}],"wp:featuredmedia":[{"embeddable":true,"href":"https:\/\/www.photoclubgland.ch\/Wpress\/wp-json\/wp\/v2\/media\/7183"}],"wp:attachment":[{"href":"https:\/\/www.photoclubgland.ch\/Wpress\/wp-json\/wp\/v2\/media?parent=7182"}],"curies":[{"name":"wp","href":"https:\/\/api.w.org\/{rel}","templated":true}]}}