{"id":725,"date":"2023-03-31T10:26:18","date_gmt":"2023-03-31T10:26:18","guid":{"rendered":"https:\/\/www.photoclubgland.ch\/Wpress\/?page_id=725"},"modified":"2023-03-31T10:26:18","modified_gmt":"2023-03-31T10:26:18","slug":"les-defis-2023","status":"publish","type":"page","link":"https:\/\/www.photoclubgland.ch\/Wpress\/les-defis-2023\/","title":{"rendered":"Les d\u00e9fis 2023"},"content":{"rendered":"\nngg_shortcode_0_placeholder\n","protected":false},"excerpt":{"rendered":"","protected":false},"author":1,"featured_media":0,"parent":0,"menu_order":0,"comment_status":"closed","ping_status":"closed","template":"","meta":{"advgb_blocks_editor_width":"","advgb_blocks_columns_visual_guide":"","ngg_post_thumbnail":0,"footnotes":""},"class_list":["post-725","page","type-page","status-publish","hentry"],"coauthors":[],"author_meta":{"author_link":"https:\/\/www.photoclubgland.ch\/Wpress\/author\/admin\/","display_name":"Henri Schaerer"},"relative_dates":{"created":"Publi\u00e9 3 ans il y a","modified":"Mis \u00e0 jour 3 ans il y a"},"absolute_dates":{"created":"Publi\u00e9 le 31 mars, 2023","modified":"Mise \u00e0 jour le 31 mars, 2023"},"absolute_dates_time":{"created":"Publi\u00e9 le 31 mars, 2023 10h26","modified":"Mise \u00e0 jour le 31 mars, 2023 10h26"},"featured_img_caption":"","featured_img":false,"series_order":"","_links":{"self":[{"href":"https:\/\/www.photoclubgland.ch\/Wpress\/wp-json\/wp\/v2\/pages\/725","targetHints":{"allow":["GET"]}}],"collection":[{"href":"https:\/\/www.photoclubgland.ch\/Wpress\/wp-json\/wp\/v2\/pages"}],"about":[{"href":"https:\/\/www.photoclubgland.ch\/Wpress\/wp-json\/wp\/v2\/types\/page"}],"author":[{"embeddable":true,"href":"https:\/\/www.photoclubgland.ch\/Wpress\/wp-json\/wp\/v2\/users\/1"}],"replies":[{"embeddable":true,"href":"https:\/\/www.photoclubgland.ch\/Wpress\/wp-json\/wp\/v2\/comments?post=725"}],"version-history":[{"count":2,"href":"https:\/\/www.photoclubgland.ch\/Wpress\/wp-json\/wp\/v2\/pages\/725\/revisions"}],"predecessor-version":[{"id":6891,"href":"https:\/\/www.photoclubgland.ch\/Wpress\/wp-json\/wp\/v2\/pages\/725\/revisions\/6891"}],"wp:attachment":[{"href":"https:\/\/www.photoclubgland.ch\/Wpress\/wp-json\/wp\/v2\/media?parent=725"}],"curies":[{"name":"wp","href":"https:\/\/api.w.org\/{rel}","templated":true}]}}