{"id":7266,"date":"2025-12-10T18:40:35","date_gmt":"2025-12-10T17:40:35","guid":{"rendered":"https:\/\/www.photoclubgland.ch\/Wpress\/?page_id=7266"},"modified":"2026-03-31T16:45:51","modified_gmt":"2026-03-31T14:45:51","slug":"programme-2026","status":"publish","type":"page","link":"https:\/\/www.photoclubgland.ch\/Wpress\/programme-2026\/","title":{"rendered":"PROGRAMME 2026"},"content":{"rendered":"\n<p><\/p>\n\n\n\n<p><\/p>\n\n\n\n<p><\/p>\n\n\n\n<p><\/p>\n\n\n\n<h1 class=\"wp-block-heading\">PROGRAMME 2026<\/h1>\n\n\n\n<p class=\"has-text-align-left\"><\/p>\n\n\n\n<h6 class=\"wp-block-heading advgb-dyn-41953452\">05 janvier  &#8211; Pr\u00e9sentiel : Pr\u00e9sentation des photos d\u00e9finitives pour l&#8217;expo 2026<\/h6>\n\n\n\n<p>09 janvier &#8211; FOLG : Vernissage et soir\u00e9e de cl\u00f4ture d\u00e8s 17h \u00e0 la salle communale de Gland<\/p>\n\n\n\n<p>12 janvier &#8211; D\u00e9fi teams : Gros plans givr\u00e9s<\/p>\n\n\n\n<h6 class=\"wp-block-heading\">26 Janvier &#8211; Pr\u00e9sentiel : Assembl\u00e9e g\u00e9n\u00e9rale<\/h6>\n\n\n\n<h6 class=\"wp-block-heading\">09 f\u00e9vrier &#8211; Pr\u00e9sentiel : Pr\u00e9sentation &#8220;FIAP&#8221; (Thierry) \/ Th\u00e8me Photo &#8220;Jeu&#8221;<\/h6>\n\n\n\n<p>16 f\u00e9vrier &#8211; D\u00e9fi teams : Un coup de froid<\/p>\n\n\n\n<h6 class=\"wp-block-heading\">02 mars &#8211; Pr\u00e9sentiel : Pr\u00e9sentation &#8220;Comment des photographes voient vos photos&#8221; (Andreas)<\/h6>\n\n\n\n<p>09 mars &#8211; D\u00e9fi teams<\/p>\n\n\n\n<blockquote class=\"wp-block-quote has-text-align-left is-layout-flow wp-block-quote-is-layout-flow\">\n<h6 class=\"wp-block-heading\">14 au 22 mars &#8211; EXPOSITION ANNUELLE DU CLUB : &#8220;Street Photography&#8221;<\/h6>\n<\/blockquote>\n\n\n\n<p>30 mars &#8211; D\u00e9fi teams<\/p>\n\n\n\n<p>20 avril &#8211; Pr\u00e9sentiel : Pr\u00e9sentation photos FOLG (Daniel) \/ Th\u00e8me Photo<\/p>\n\n\n\n<p>04 mai &#8211; D\u00e9fi teams<\/p>\n\n\n\n<p class=\"has-text-align-left\">11 mai &#8211; Pr\u00e9sentiel : Pr\u00e9sentation des photos pour le concours de PhotoSuisse <em>(Attention &#8211; S\u00e9ance sp\u00e9ciale d\u00e9di\u00e9e aux participants au concours PhotoSuisse, autres membres bienvenus)<\/em><\/p>\n\n\n\n<blockquote class=\"wp-block-quote is-layout-flow wp-block-quote-is-layout-flow\">\n<h6 class=\"wp-block-heading\">14 au 17 mai &#8211; Photo M\u00fcnsingen 2026<\/h6>\n<\/blockquote>\n\n\n\n<h6 class=\"wp-block-heading\">18 mai &#8211; Pr\u00e9sentiel : Pr\u00e9sentation des ateliers 2025 (Daniel) \/ Th\u00e8me Photo<\/h6>\n\n\n\n<p>30 mai &#8211; Rallye Romand Lausanne 2026<\/p>\n\n\n\n<p>01 juin &#8211; D\u00e9fi teams<\/p>\n\n\n\n<p>15 juin &#8211; Sortie<\/p>\n\n\n\n<h6 class=\"wp-block-heading\">22 juin &#8211; Barbecue annuel au refuge de Gland<\/h6>\n\n\n\n<h6 class=\"wp-block-heading\">&#8212;&#8212;&#8212;-<\/h6>\n\n\n\n<h6 class=\"wp-block-heading\">31 Ao\u00fbt&nbsp;&#8211; Pr\u00e9sentiel : Conf\u00e9rence (Antoine Lavorel)<\/h6>\n\n\n\n<h6 class=\"wp-block-heading\">21 septembre &#8211; Pr\u00e9sentiel : Pr\u00e9sentation &#8220;R\u00e9sultats du Rallye Romand&#8221; (Daniel) \/ Th\u00e8me Photo<\/h6>\n\n\n\n<h6 class=\"wp-block-heading\">26 octobre &#8211; Pr\u00e9sentiel : Pr\u00e9sentation des premi\u00e8res photos pour l\u2019expo 2027 \/ Annonce Copie Cr\u00e9ative<\/h6>\n\n\n\n<h6 class=\"wp-block-heading\">23 novembre &#8211; Pr\u00e9sentiel : Conf\u00e9rence (Phil P\u00e9dat)<\/h6>\n\n\n\n<h6 class=\"wp-block-heading\">14 d\u00e9cembre &#8211; Pr\u00e9sentiel : Critique Copie Cr\u00e9ative \/ Pr\u00e9sentation des r\u00e9sultats PhotoSuisse 2026<\/h6>\n\n\n\n<p><\/p>\n","protected":false},"excerpt":{"rendered":"<p>PROGRAMME 2026 05 janvier &#8211; Pr\u00e9sentiel : Pr\u00e9sentation des photos d\u00e9finitives pour l&#8217;expo 2026 09 janvier &#8211; FOLG : Vernissage et soir\u00e9e de cl\u00f4ture d\u00e8s 17h \u00e0 la salle communale <a class=\"more-link\" href=\"https:\/\/www.photoclubgland.ch\/Wpress\/programme-2026\/\">Continuer la lecture<span class=\"screen-reader-text\">PROGRAMME 2026<\/span><span class=\"meta-nav\">&rarr;<\/span><\/a><\/p>\n","protected":false},"author":2,"featured_media":0,"parent":0,"menu_order":0,"comment_status":"closed","ping_status":"closed","template":"","meta":{"advgb_blocks_editor_width":"","advgb_blocks_columns_visual_guide":"","ngg_post_thumbnail":0,"footnotes":""},"class_list":["post-7266","page","type-page","status-publish","hentry"],"coauthors":[],"author_meta":{"author_link":"https:\/\/www.photoclubgland.ch\/Wpress\/author\/frederique-zesiger\/","display_name":"Fr\u00e9d\u00e9rique Zesiger"},"relative_dates":{"created":"Publi\u00e9 5 mois il y a","modified":"Mis \u00e0 jour 1 mois il y a"},"absolute_dates":{"created":"Publi\u00e9 le 10 d\u00e9cembre, 2025","modified":"Mise \u00e0 jour le 31 mars, 2026"},"absolute_dates_time":{"created":"Publi\u00e9 le 10 d\u00e9cembre, 2025 18h40","modified":"Mise \u00e0 jour le 31 mars, 2026 16h45"},"featured_img_caption":"","featured_img":false,"series_order":"","_links":{"self":[{"href":"https:\/\/www.photoclubgland.ch\/Wpress\/wp-json\/wp\/v2\/pages\/7266","targetHints":{"allow":["GET"]}}],"collection":[{"href":"https:\/\/www.photoclubgland.ch\/Wpress\/wp-json\/wp\/v2\/pages"}],"about":[{"href":"https:\/\/www.photoclubgland.ch\/Wpress\/wp-json\/wp\/v2\/types\/page"}],"author":[{"embeddable":true,"href":"https:\/\/www.photoclubgland.ch\/Wpress\/wp-json\/wp\/v2\/users\/2"}],"replies":[{"embeddable":true,"href":"https:\/\/www.photoclubgland.ch\/Wpress\/wp-json\/wp\/v2\/comments?post=7266"}],"version-history":[{"count":29,"href":"https:\/\/www.photoclubgland.ch\/Wpress\/wp-json\/wp\/v2\/pages\/7266\/revisions"}],"predecessor-version":[{"id":7564,"href":"https:\/\/www.photoclubgland.ch\/Wpress\/wp-json\/wp\/v2\/pages\/7266\/revisions\/7564"}],"wp:attachment":[{"href":"https:\/\/www.photoclubgland.ch\/Wpress\/wp-json\/wp\/v2\/media?parent=7266"}],"curies":[{"name":"wp","href":"https:\/\/api.w.org\/{rel}","templated":true}]}}