{"id":7304,"date":"2025-12-08T21:08:09","date_gmt":"2025-12-08T20:08:09","guid":{"rendered":"https:\/\/www.photoclubgland.ch\/Wpress\/?page_id=7304"},"modified":"2026-01-23T14:40:14","modified_gmt":"2026-01-23T13:40:14","slug":"expositions-2026","status":"publish","type":"page","link":"https:\/\/www.photoclubgland.ch\/Wpress\/expositions-2026\/","title":{"rendered":"Expos 2026"},"content":{"rendered":"\n<h2 class=\"wp-block-heading\" id=\"nos-expositions-2026-3208e085-5d84-4fb8-8793-d1fbabdf8e3c\">Expositions | L&#8217;agenda 2026<\/h2>\n\n\n\n<div class=\"wp-block-advgb-container advgb-blocks-container\">\n<div class=\"wp-block-group is-nowrap is-layout-flex wp-container-core-group-is-layout-64989fb1 wp-block-group-is-layout-flex\">\n<figure class=\"wp-block-image size-full is-resized\"><img loading=\"lazy\" decoding=\"async\" width=\"1131\" height=\"1600\" src=\"https:\/\/www.photoclubgland.ch\/Wpress\/wp-content\/uploads\/2026\/01\/Expo-ecole-club-migros-photo-club-gland-2026.jpeg\" alt=\"Expo ecole club migros photo club gland 2026\" class=\"wp-image-7434\" style=\"width:279px\" srcset=\"https:\/\/www.photoclubgland.ch\/Wpress\/wp-content\/uploads\/2026\/01\/Expo-ecole-club-migros-photo-club-gland-2026.jpeg 1131w, https:\/\/www.photoclubgland.ch\/Wpress\/wp-content\/uploads\/2026\/01\/Expo-ecole-club-migros-photo-club-gland-2026-212x300.jpeg 212w, https:\/\/www.photoclubgland.ch\/Wpress\/wp-content\/uploads\/2026\/01\/Expo-ecole-club-migros-photo-club-gland-2026-768x1086.jpeg 768w, https:\/\/www.photoclubgland.ch\/Wpress\/wp-content\/uploads\/2026\/01\/Expo-ecole-club-migros-photo-club-gland-2026-1086x1536.jpeg 1086w\" sizes=\"auto, (max-width: 1131px) 100vw, 1131px\" \/><\/figure>\n\n\n\n<p><strong>Ecole Club Migros Nyon<\/strong><br><strong><br>Vernissage :<\/strong><br>13 f\u00e9vrier | 18h00 \u00e0 20h45<br><br><strong>Exposition :<\/strong><br>7 f\u00e9vrier au 6 mars<br>Lundi au vendredi : 8h45 \u00e0 20h45<br>Samedi au dimanche : 9h00 \u00e0 17h00<br><br><strong>Lieu :<\/strong><br>Ecole Club Migros Nyon<br>Chemin de Cr\u00e8ve-Coeur 1<br>1260 Nyon<\/p>\n<\/div>\n\n\n\n<div style=\"height:20px\" aria-hidden=\"true\" class=\"wp-block-spacer\"><\/div>\n\n\n\n<div class=\"wp-block-advgb-button alignnone\"><a class=\"wp-block-advgb-button_link advgbbtn-f4af3118-2765-4c38-9741-f78308c3f8df\" href=\"https:\/\/www.photoclubgland.ch\/Wpress\/ecole-club-migros\/\" target=\"_self\" rel=\"noopener noreferrer\"><span>D\u00e9couvrir l&#8217;expo ECM<\/span><\/a><\/div>\n<\/div>\n\n\n\n<div style=\"height:80px\" aria-hidden=\"true\" class=\"wp-block-spacer\"><\/div>\n\n\n\n<div class=\"wp-block-advgb-container advgb-blocks-container\">\n<div class=\"wp-block-group is-nowrap is-layout-flex wp-container-core-group-is-layout-64989fb1 wp-block-group-is-layout-flex\">\n<figure class=\"wp-block-image size-full is-resized\"><img loading=\"lazy\" decoding=\"async\" width=\"1414\" height=\"2000\" src=\"https:\/\/www.photoclubgland.ch\/Wpress\/wp-content\/uploads\/2025\/11\/Affiche-expo-PCG-2026-Street-Photography.jpg\" alt=\"29\u00e8me exposition annuelle - Street Photography\" class=\"wp-image-7183\" style=\"width:279px;height:auto\" srcset=\"https:\/\/www.photoclubgland.ch\/Wpress\/wp-content\/uploads\/2025\/11\/Affiche-expo-PCG-2026-Street-Photography.jpg 1414w, https:\/\/www.photoclubgland.ch\/Wpress\/wp-content\/uploads\/2025\/11\/Affiche-expo-PCG-2026-Street-Photography-212x300.jpg 212w, https:\/\/www.photoclubgland.ch\/Wpress\/wp-content\/uploads\/2025\/11\/Affiche-expo-PCG-2026-Street-Photography-768x1086.jpg 768w, https:\/\/www.photoclubgland.ch\/Wpress\/wp-content\/uploads\/2025\/11\/Affiche-expo-PCG-2026-Street-Photography-1086x1536.jpg 1086w, https:\/\/www.photoclubgland.ch\/Wpress\/wp-content\/uploads\/2025\/11\/Affiche-expo-PCG-2026-Street-Photography-1320x1867.jpg 1320w\" sizes=\"auto, (max-width: 1414px) 100vw, 1414px\" \/><\/figure>\n\n\n\n<p><strong>29\u00e8me EXPO ANNUELLE 2026<br>Street Photography<\/strong><br><br><strong>Vernissage :<br><\/strong>13 mars | de 19h \u00e0 21h<br><br><strong>Exposition :<br><\/strong>14 au 22 mars | de 14h \u00e0 19h<br>Lundi &amp; mardi ferm\u00e9<br><br><strong>Conf\u00e9rence Nadir Mokdad :<br><\/strong>22 mars | de 17h \u00e0 19h<br><br><strong>Lieu :<\/strong><br>Complexe de Grand-Champ<br>Chemin de la Serine 1<br>1196 Gland<\/p>\n<\/div>\n\n\n\n<div style=\"height:20px\" aria-hidden=\"true\" class=\"wp-block-spacer\"><\/div>\n\n\n\n<div class=\"wp-block-advgb-button alignnone\"><a class=\"wp-block-advgb-button_link advgbbtn-5ad5a765-eaac-4ca3-b7d4-4911f5c052eb\" href=\"https:\/\/www.photoclubgland.ch\/Wpress\/exposition-annuelle-2026\/\" target=\"_self\" rel=\"noopener noreferrer\"><span>D\u00e9couvrir l&#8217;expo annuelle<\/span><\/a><\/div>\n<\/div>\n<style class=\"advgb-styles-renderer\">.advgbbtn-f4af3118-2765-4c38-9741-f78308c3f8df{font-size:18px;color:#fff !important;background-color:#339e14 !important;margin:0px 0px 0px 0px !important;padding:10px 30px 10px 30px;border-width:1px !important;border-style:none;border-radius:50px !important;}.advgbbtn-f4af3118-2765-4c38-9741-f78308c3f8df:hover{box-shadow:1px 1px 12px 0px #ccc;opacity:1;transition:all 0.2s ease;}.advgbbtn-f4af3118-2765-4c38-9741-f78308c3f8df > i {display: none !important;}.advgbbtn-f4af3118-2765-4c38-9741-f78308c3f8df{font-size:18px;color:#fff !important;background-color:#339e14 !important;margin:0px 0px 0px 0px !important;padding:10px 30px 10px 30px;border-width:1px !important;border-style:none;border-radius:50px !important;}.advgbbtn-f4af3118-2765-4c38-9741-f78308c3f8df:hover{box-shadow:1px 1px 12px 0px #ccc;opacity:1;transition:all 0.2s ease;}.advgbbtn-f4af3118-2765-4c38-9741-f78308c3f8df > i {display: none !important;}.advgbbtn-5ad5a765-eaac-4ca3-b7d4-4911f5c052eb{font-size:18px;color:#fff !important;background-color:#339e14 !important;margin:0px 0px 0px 0px !important;padding:10px 30px 10px 30px;border-width:1px !important;border-style:none;border-radius:50px !important;}.advgbbtn-5ad5a765-eaac-4ca3-b7d4-4911f5c052eb:hover{box-shadow:1px 1px 12px 0px #ccc;opacity:1;transition:all 0.2s ease;}.advgbbtn-5ad5a765-eaac-4ca3-b7d4-4911f5c052eb > i {display: none !important;}.advgbbtn-5ad5a765-eaac-4ca3-b7d4-4911f5c052eb{font-size:18px;color:#fff !important;background-color:#339e14 !important;margin:0px 0px 0px 0px !important;padding:10px 30px 10px 30px;border-width:1px !important;border-style:none;border-radius:50px !important;}.advgbbtn-5ad5a765-eaac-4ca3-b7d4-4911f5c052eb:hover{box-shadow:1px 1px 12px 0px #ccc;opacity:1;transition:all 0.2s ease;}.advgbbtn-5ad5a765-eaac-4ca3-b7d4-4911f5c052eb > i {display: none !important;}<\/style>","protected":false},"excerpt":{"rendered":"<p>Expositions | L&#8217;agenda 2026<\/p>\n","protected":false},"author":32,"featured_media":7276,"parent":0,"menu_order":0,"comment_status":"closed","ping_status":"closed","template":"","meta":{"advgb_blocks_editor_width":"","advgb_blocks_columns_visual_guide":"","ngg_post_thumbnail":0,"footnotes":""},"class_list":["post-7304","page","type-page","status-publish","has-post-thumbnail","hentry"],"coauthors":[],"author_meta":{"author_link":"https:\/\/www.photoclubgland.ch\/Wpress\/author\/poulpie\/","display_name":"Virginie"},"relative_dates":{"created":"Publi\u00e9 5 mois il y a","modified":"Mis \u00e0 jour 3 mois il y a"},"absolute_dates":{"created":"Publi\u00e9 le 8 d\u00e9cembre, 2025","modified":"Mise \u00e0 jour le 23 janvier, 2026"},"absolute_dates_time":{"created":"Publi\u00e9 le 8 d\u00e9cembre, 2025 21h08","modified":"Mise \u00e0 jour le 23 janvier, 2026 14h40"},"featured_img_caption":"","featured_img":"https:\/\/www.photoclubgland.ch\/Wpress\/wp-content\/uploads\/2025\/12\/cropped-Logo_PCG-icon-noir.png","series_order":"","_links":{"self":[{"href":"https:\/\/www.photoclubgland.ch\/Wpress\/wp-json\/wp\/v2\/pages\/7304","targetHints":{"allow":["GET"]}}],"collection":[{"href":"https:\/\/www.photoclubgland.ch\/Wpress\/wp-json\/wp\/v2\/pages"}],"about":[{"href":"https:\/\/www.photoclubgland.ch\/Wpress\/wp-json\/wp\/v2\/types\/page"}],"author":[{"embeddable":true,"href":"https:\/\/www.photoclubgland.ch\/Wpress\/wp-json\/wp\/v2\/users\/32"}],"replies":[{"embeddable":true,"href":"https:\/\/www.photoclubgland.ch\/Wpress\/wp-json\/wp\/v2\/comments?post=7304"}],"version-history":[{"count":15,"href":"https:\/\/www.photoclubgland.ch\/Wpress\/wp-json\/wp\/v2\/pages\/7304\/revisions"}],"predecessor-version":[{"id":7450,"href":"https:\/\/www.photoclubgland.ch\/Wpress\/wp-json\/wp\/v2\/pages\/7304\/revisions\/7450"}],"wp:featuredmedia":[{"embeddable":true,"href":"https:\/\/www.photoclubgland.ch\/Wpress\/wp-json\/wp\/v2\/media\/7276"}],"wp:attachment":[{"href":"https:\/\/www.photoclubgland.ch\/Wpress\/wp-json\/wp\/v2\/media?parent=7304"}],"curies":[{"name":"wp","href":"https:\/\/api.w.org\/{rel}","templated":true}]}}