{"id":7433,"date":"2026-01-23T14:18:45","date_gmt":"2026-01-23T13:18:45","guid":{"rendered":"https:\/\/www.photoclubgland.ch\/Wpress\/?page_id=7433"},"modified":"2026-01-25T11:44:10","modified_gmt":"2026-01-25T10:44:10","slug":"ecole-club-migros","status":"publish","type":"page","link":"https:\/\/www.photoclubgland.ch\/Wpress\/ecole-club-migros\/","title":{"rendered":"Ecole Club Migros 2026"},"content":{"rendered":"\n<h2 class=\"wp-block-heading\" id=\"folg-festivites-ombre-et-lumiere-a-gland-0fe1aaf6-d1c3-46e7-8ba9-179b66976b55\">Exposition | <strong>Ecole Club Migros Nyon &#8211; 2026<\/strong><\/h2>\n\n\n\n<p><strong>La galerie de l&#8217;\u00c9cole Club Migros de Nyon expose &#8220;Carte blanche&#8221; du Photo Club Gland<\/strong><\/p>\n\n\n\n<div class=\"wp-block-columns is-layout-flex wp-container-core-columns-is-layout-9d6595d7 wp-block-columns-is-layout-flex\">\n<div class=\"wp-block-column is-layout-flow wp-block-column-is-layout-flow\">\n<figure class=\"wp-block-image size-full\"><img loading=\"lazy\" decoding=\"async\" width=\"1131\" height=\"1600\" src=\"https:\/\/www.photoclubgland.ch\/Wpress\/wp-content\/uploads\/2026\/01\/Expo-ecole-club-migros-photo-club-gland-2026.jpeg\" alt=\"Exposition Ecole Club Migros Photo Club Gland\" class=\"wp-image-7434\" srcset=\"https:\/\/www.photoclubgland.ch\/Wpress\/wp-content\/uploads\/2026\/01\/Expo-ecole-club-migros-photo-club-gland-2026.jpeg 1131w, https:\/\/www.photoclubgland.ch\/Wpress\/wp-content\/uploads\/2026\/01\/Expo-ecole-club-migros-photo-club-gland-2026-212x300.jpeg 212w, https:\/\/www.photoclubgland.ch\/Wpress\/wp-content\/uploads\/2026\/01\/Expo-ecole-club-migros-photo-club-gland-2026-768x1086.jpeg 768w, https:\/\/www.photoclubgland.ch\/Wpress\/wp-content\/uploads\/2026\/01\/Expo-ecole-club-migros-photo-club-gland-2026-1086x1536.jpeg 1086w\" sizes=\"auto, (max-width: 1131px) 100vw, 1131px\" \/><\/figure>\n\n\n\n<div style=\"height:27px\" aria-hidden=\"true\" class=\"wp-block-spacer\"><\/div>\n\n\n\n<div class=\"wp-block-advgb-button aligncenter\"><a class=\"wp-block-advgb-button_link advgbbtn-f463454b-5f4f-46e7-b336-fe9485b273f6\" href=\"https:\/\/www.photoclubgland.ch\/Wpress\/expositions-2026\/\" target=\"_blank\" rel=\"noopener noreferrer\"><span>Voir toutes nos expos 2026<\/span><\/a><\/div>\n<\/div>\n\n\n\n<div class=\"wp-block-column is-layout-flow wp-block-column-is-layout-flow\">\n<h3 class=\"wp-block-heading\" id=\"programme-6ffff14f-9858-4fc5-8def-4d642aa84a66\"><strong>Artistes exposants<\/strong><\/h3>\n\n\n\n<ul class=\"wp-block-list\">\n<li><a href=\"https:\/\/www.instagram.com\/argentiqueappareilsvintage\/\" target=\"_blank\" rel=\"noopener\">Nadia Bessire<\/a><\/li>\n\n\n\n<li><a href=\"https:\/\/www.instagram.com\/sophiedecors\/\" target=\"_blank\" rel=\"noopener\">Sophie Cochon<\/a><\/li>\n\n\n\n<li><a href=\"http:\/\/www.eric-chatelain.ch\" data-type=\"link\" data-id=\"www.eric-chatelain.ch\" target=\"_blank\" rel=\"noopener\">Eric Chatelain<\/a><\/li>\n\n\n\n<li><a href=\"http:\/\/www.magphotography.ch\" data-type=\"link\" data-id=\"www.magphotography.ch\" target=\"_blank\" rel=\"noopener\">Maurice Greppin<\/a><\/li>\n\n\n\n<li><a href=\"https:\/\/www.instagram.com\/vero_g_photographies\/\" target=\"_blank\" rel=\"noopener\">V\u00e9ronique Gunther<\/a><\/li>\n\n\n\n<li><a href=\"https:\/\/500px.com\/p\/estherm175?view=photos\" target=\"_blank\" rel=\"noopener\">Esther Mahmoudi<\/a><\/li>\n\n\n\n<li><a href=\"https:\/\/www.instagram.com\/petras1295\/\" target=\"_blank\" rel=\"noopener\">Petra Stordel<\/a><\/li>\n\n\n\n<li><a href=\"https:\/\/www.instagram.com\/spagyman\/\" target=\"_blank\" rel=\"noopener\">Manuele Schneiter<\/a><\/li>\n\n\n\n<li><a href=\"https:\/\/www.instagram.com\/clicboom\/\" target=\"_blank\" rel=\"noopener\">Patrick Schneiter<\/a><\/li>\n\n\n\n<li><a href=\"https:\/\/www.instagram.com\/frederiquezesiger\/\" target=\"_blank\" rel=\"noopener\">Fr\u00e9d\u00e9rique Zesiger<\/a><\/li>\n<\/ul>\n\n\n\n<h3 class=\"wp-block-heading\" id=\"infos-pratiques-0c74cea2-56b6-4080-8456-897dd92bf916\">Infos pratiques<\/h3>\n\n\n\n<div class=\"wp-block-advgb-container advgb-blocks-container\">\n<h4 class=\"wp-block-heading\" id=\"soiree-de-cloture-infos-pratiques-0075c115-15f0-4727-8a93-93b11513ddf3\"><strong>\ud83c\udf89<\/strong> <strong>Vernissage<\/strong><\/h4>\n\n\n\n<p><strong>Date :<\/strong> Vendredi 13 f\u00e9vrier 2026<br><strong>Heures :<\/strong> 18h00 \u00e0 20h45<br><strong>Lieu : <\/strong>Ecole Club Migros Nyon<br><a href=\"https:\/\/share.google\/azbQa8Rr8Ygr0O4iV\" data-type=\"link\" data-id=\"https:\/\/share.google\/azbQa8Rr8Ygr0O4iV\" target=\"_blank\" rel=\"noopener\">Chemin de Cr\u00e8ve-Coeur 1 &#8211; 1260 Nyon<\/a><\/p>\n\n\n\n<h4 class=\"wp-block-heading\" id=\"exposition-photo-infos-pratiques-438fb8f6-ba00-4f22-9b2f-73ce65dc733a\">\ud83d\uddbc\ufe0f <strong>Exposition photo<\/strong><\/h4>\n\n\n\n<p><strong>Dates :<\/strong> du 7 f\u00e9vrier au 6 mars 2026<br><strong>Heures d&#8217;ouverture :<\/strong><br>Lundi au vendredi : 8h45 \u00e0 20h45<br>Samedi au dimanche : 9h00 \u00e0 17h00<br><strong>Lieu : <\/strong>Ecole Club Migros Nyon<br><a href=\"https:\/\/share.google\/azbQa8Rr8Ygr0O4iV\" data-type=\"link\" data-id=\"https:\/\/share.google\/azbQa8Rr8Ygr0O4iV\" target=\"_blank\" rel=\"noopener\">Chemin de Cr\u00e8ve-Coeur 1 &#8211; 1260 Nyon<\/a><\/p>\n<\/div>\n<\/div>\n<\/div>\n<style class=\"advgb-styles-renderer\">.advgbbtn-f463454b-5f4f-46e7-b336-fe9485b273f6{font-size:18px;color:#fff !important;background-color:#0bb748 !important;margin:0px 0px 0px 0px !important;padding:10px 30px 10px 30px;border-width:1px !important;border-style:none;border-radius:50px !important;}.advgbbtn-f463454b-5f4f-46e7-b336-fe9485b273f6:hover{box-shadow:1px 1px 12px 0px #ccc;opacity:1;transition:all 0.2s ease;}.advgbbtn-f463454b-5f4f-46e7-b336-fe9485b273f6 > i {display: none !important;}.advgbbtn-f463454b-5f4f-46e7-b336-fe9485b273f6{font-size:18px;color:#fff !important;background-color:#0bb748 !important;margin:0px 0px 0px 0px !important;padding:10px 30px 10px 30px;border-width:1px !important;border-style:none;border-radius:50px !important;}.advgbbtn-f463454b-5f4f-46e7-b336-fe9485b273f6:hover{box-shadow:1px 1px 12px 0px #ccc;opacity:1;transition:all 0.2s ease;}.advgbbtn-f463454b-5f4f-46e7-b336-fe9485b273f6 > i {display: none !important;}.advgbbtn-f463454b-5f4f-46e7-b336-fe9485b273f6{font-size:18px;color:#fff !important;background-color:#0bb748 !important;margin:0px 0px 0px 0px !important;padding:10px 30px 10px 30px;border-width:1px !important;border-style:none;border-radius:50px !important;}.advgbbtn-f463454b-5f4f-46e7-b336-fe9485b273f6:hover{box-shadow:1px 1px 12px 0px #ccc;opacity:1;transition:all 0.2s ease;}.advgbbtn-f463454b-5f4f-46e7-b336-fe9485b273f6 > i {display: none !important;}<\/style>","protected":false},"excerpt":{"rendered":"<p>Exposition | Ecole Club Migros Nyon &#8211; 2026 La galerie de l&#8217;\u00c9cole Club Migros de Nyon expose &#8220;Carte blanche&#8221; du Photo Club Gland Artistes exposants Infos pratiques<\/p>\n","protected":false},"author":32,"featured_media":7434,"parent":0,"menu_order":0,"comment_status":"closed","ping_status":"closed","template":"","meta":{"advgb_blocks_editor_width":"","advgb_blocks_columns_visual_guide":"","ngg_post_thumbnail":0,"footnotes":""},"class_list":["post-7433","page","type-page","status-publish","has-post-thumbnail","hentry"],"coauthors":[],"author_meta":{"author_link":"https:\/\/www.photoclubgland.ch\/Wpress\/author\/poulpie\/","display_name":"Virginie"},"relative_dates":{"created":"Publi\u00e9 3 mois il y a","modified":"Mis \u00e0 jour 3 mois il y a"},"absolute_dates":{"created":"Publi\u00e9 le 23 janvier, 2026","modified":"Mise \u00e0 jour le 25 janvier, 2026"},"absolute_dates_time":{"created":"Publi\u00e9 le 23 janvier, 2026 14h18","modified":"Mise \u00e0 jour le 25 janvier, 2026 11h44"},"featured_img_caption":"","featured_img":"https:\/\/www.photoclubgland.ch\/Wpress\/wp-content\/uploads\/2026\/01\/Expo-ecole-club-migros-photo-club-gland-2026.jpeg","series_order":"","_links":{"self":[{"href":"https:\/\/www.photoclubgland.ch\/Wpress\/wp-json\/wp\/v2\/pages\/7433","targetHints":{"allow":["GET"]}}],"collection":[{"href":"https:\/\/www.photoclubgland.ch\/Wpress\/wp-json\/wp\/v2\/pages"}],"about":[{"href":"https:\/\/www.photoclubgland.ch\/Wpress\/wp-json\/wp\/v2\/types\/page"}],"author":[{"embeddable":true,"href":"https:\/\/www.photoclubgland.ch\/Wpress\/wp-json\/wp\/v2\/users\/32"}],"replies":[{"embeddable":true,"href":"https:\/\/www.photoclubgland.ch\/Wpress\/wp-json\/wp\/v2\/comments?post=7433"}],"version-history":[{"count":12,"href":"https:\/\/www.photoclubgland.ch\/Wpress\/wp-json\/wp\/v2\/pages\/7433\/revisions"}],"predecessor-version":[{"id":7455,"href":"https:\/\/www.photoclubgland.ch\/Wpress\/wp-json\/wp\/v2\/pages\/7433\/revisions\/7455"}],"wp:featuredmedia":[{"embeddable":true,"href":"https:\/\/www.photoclubgland.ch\/Wpress\/wp-json\/wp\/v2\/media\/7434"}],"wp:attachment":[{"href":"https:\/\/www.photoclubgland.ch\/Wpress\/wp-json\/wp\/v2\/media?parent=7433"}],"curies":[{"name":"wp","href":"https:\/\/api.w.org\/{rel}","templated":true}]}}